{"id":9,"date":"2018-11-02T00:36:17","date_gmt":"2018-11-01T23:36:17","guid":{"rendered":"http:\/\/adonf.net\/legite\/mesmerize\/"},"modified":"2022-03-26T10:24:06","modified_gmt":"2022-03-26T09:24:06","slug":"mesmerize","status":"publish","type":"page","link":"https:\/\/adonf.net\/legite\/","title":{"rendered":"Accueil"},"content":{"rendered":"<div  data-label=\"About\" data-id=\"about--1\" data-export-id=\"about-1\" data-category=\"about\" class=\"about-1 content-section\" id=\"about-1\" style=\"background-color: rgb(255, 255, 255);\"><div  class=\"gridContainer\"> <div  class=\"row text-center\"><div  class=\"section-title-col\" data-type=\"column\"> <h5  class=\"\">LE G\u00ceTE<\/h5> <h2  class=\"\">La Cabane du Bonheur<\/h2> <p  class=\"lead\">D\u00e9couvrez notre g\u00eete la Cabane du Bonheur en photos<\/p><\/div> <\/div> <div  class=\"row\"> <div  class=\"button-holder space-bottom space-bottom-small\" data-type=\"column\"> <a class=\"button color4\" href=\"https:\/\/adonf.net\/legite\/photos-interieur\" target=\"_self\" data-cp-link=\"1\" data-icon=\"fa-camera\" rel=\"noopener\"><span  class=\"button-icon fa fa-camera\"><\/span>D\u00c9COUVREZ LE G\u00ceTE<\/a><\/div> <div  class=\"col-xs bottom-xs flexbox image-group-bottom-3-img space-bottom-xs center-xs\"> <img decoding=\"async\"  class=\"left-img shadow-large-black\" data-size=\"500x300\" src=\"https:\/\/adonf.net\/legite\/wp-content\/uploads\/sites\/4\/2021\/09\/08_Chambre-1-avec-lit-double.jpg\" title=\"08_Chambre #1 avec lit double\" alt=\"\"> <img decoding=\"async\"  class=\"center-img shadow-large-black\" data-size=\"500x300\" src=\"https:\/\/adonf.net\/legite\/wp-content\/uploads\/sites\/4\/2018\/11\/cropped-cropped-gite_entier_est.jpg\" title=\"cropped-cropped-gite_entier_est.jpg\" alt=\"\"> <img decoding=\"async\"  class=\"right-img shadow-large-black\" data-size=\"500x300\" src=\"https:\/\/adonf.net\/legite\/wp-content\/uploads\/sites\/4\/2018\/11\/cropped-cropped-gite_detail_1.jpg\" title=\"cropped-cropped-gite_detail_1.jpg\" alt=\"\"><\/div> <\/div><\/div> <\/div><div  data-label=\"About\" data-id=\"about--2\" data-export-id=\"about-7\" data-category=\"about\" class=\"about-7 content-section content-section-spacing\" id=\"about-2\" style=\"background-color: rgb(245, 250, 253);\"><div  class=\"gridContainer\"> <div  class=\"row middle-sm text-center\"><div  class=\"col-sm-6 space-bottom-xs\" data-type=\"column\"> <h5  class=\"\">LA R\u00c9GION<\/h5> <h2  class=\"\">Le Tri\u00e8ves<\/h2> <p  class=\"\">D\u00e9couvrez la r\u00e9gion du Tri\u00e8ves situ\u00e9e dans le d\u00e9partement de l\u2019Is\u00e8re.<\/p> <a class=\"button color4\" href=\"https:\/\/adonf.net\/legite\/les-alentours\" target=\"_self\" data-cp-link=\"1\" data-icon=\"fa-image\" rel=\"noopener\"><span  class=\"button-icon fa fa-image\"><\/span>D\u00c9COUVREZ LA R\u00c9GION<\/a><\/div> <div  class=\"col-sm-6 col-relative space-bottom-xs\"><div  class=\"row spaced-cols\"> <div  class=\"col-xs-6 flexbox middle-xs center-xs\"> <a  data-cp-link=\"1\" href=\"#\"><img decoding=\"async\"  class=\"shadow-large\" data-size=\"300x300\" src=\"https:\/\/adonf.net\/legite\/wp-content\/uploads\/sites\/4\/2021\/09\/cropped-03_Lac-du-Monteynard.resized.jpg\" title=\"cropped-03_Lac-du-Monteynard.resized.jpg\" alt=\"\"><\/a><\/div> <div  class=\"col-xs-6 flexbox middle-xs center-xs\"> <a  data-cp-link=\"1\" href=\"#\"><img decoding=\"async\"  class=\"shadow-large\" data-size=\"300x300\" src=\"https:\/\/adonf.net\/legite\/wp-content\/uploads\/sites\/4\/2021\/09\/cropped-o-zanardi-mont-aiguille-3_26452868451_o.jpg\" title=\"cropped-o-zanardi-mont-aiguille-3_26452868451_o.jpg\" alt=\"\"><\/a><\/div> <div  class=\"col-xs-6 flexbox middle-xs center-xs\"> <img decoding=\"async\"  class=\"shadow-large\" data-size=\"300x300\" src=\"https:\/\/adonf.net\/legite\/wp-content\/uploads\/sites\/4\/2021\/09\/cropped-o-zanardi-gresse-en-vercors-3_26453024771_o.jpg\" title=\"cropped-o-zanardi-gresse-en-vercors-3_26453024771_o.jpg\" alt=\"\"><\/div> <div  class=\"col-xs-6 flexbox middle-xs center-xs\"> <img decoding=\"async\"  class=\"shadow-large\" data-size=\"300x300\" src=\"https:\/\/adonf.net\/legite\/wp-content\/uploads\/sites\/4\/2021\/09\/cropped-Activites-nautiques-lac-de-Monteynard-Avignonet-credit-photo-Sarah-Desprat-pour-OT-Trieves-2.jpg\" title=\"cropped-Activites-nautiques-lac-de-Monteynard-Avignonet-credit-photo-Sarah-Desprat-pour-OT-Trieves-2.jpg\" alt=\"\"><\/div> <\/div> <div  class=\"center-overlay inner-shadow border-large\"><\/div><\/div> <\/div><\/div> <\/div><div  data-label=\"Clients\" data-id=\"clients--1\" data-export-id=\"clients-2\" data-category=\"clients\" class=\"clients-2 content-section content-section-spacing\" id=\"clients-1\" style=\"background-color: rgb(255, 255, 255); background-image: none;\"><div  class=\"gridContainer\"> <div  class=\"row\"><div  class=\"section-title-col\" data-type=\"column\"> <h2  class=\"font-700\">Nos certifications<\/h2> <\/div> <\/div> <div  class=\"row center-xs spaced-cols padding-lr\" data-type=\"row\">  <div  class=\"col-xs-6 col-sm-3\"> <img decoding=\"async\"  src=\"https:\/\/adonf.net\/legite\/wp-content\/uploads\/sites\/4\/2022\/02\/Logo-Gites-de-France.jpg\" class=\"\" title=\"Logo-G\u00eetes-de-France\" alt=\"\"><\/div>   <\/div><\/div> <\/div><div  data-label=\"Contact\" data-id=\"contact--1\" data-export-id=\"contact-1\" data-category=\"contact\" class=\"contact-1 content-section content-section-spacing white-text\" data-parallax-depth=\"20\" id=\"contact-1\" style=\"background-color: rgb(255, 255, 255); background-image: url(&quot;https:\/\/adonf.net\/legite\/wp-content\/uploads\/sites\/4\/2021\/06\/03_Lac-du-Monteynard-min-scaled.jpg&quot;); background-size: cover; background-position: center top;\"><div  class=\"gridContainer\"> <div  class=\"row text-center\"><div  class=\"section-title-col\" data-type=\"column\"> <h2  class=\"\">Contactez-nous<\/h2> <p  class=\"lead\">N\u2019h\u00e9sitez pas \u00e0 nous contacter via ce formulaire de contact pour toute demande de renseignement ou de r\u00e9servation.<\/p><\/div> <\/div> <div  class=\"row text-center\"> <div  class=\"col-xs-12 col-sm-8 col-sm-offset-2 contact-form-wrapper inline-info\"> <div  class=\"card large-padding\"> <div  class=\"\" data-content-shortcode=\"mesmerize_contact_form shortcode=&quot;wpforms id=&amp;amp;quot;403&amp;amp;quot; title=&amp;amp;quot;false&amp;amp;quot;&quot;\" data-editable=\"true\"><div class=\"wpforms-container wpforms-container-full\" id=\"wpforms-403\"><form id=\"wpforms-form-403\" class=\"wpforms-validate wpforms-form wpforms-ajax-form\" data-formid=\"403\" method=\"post\" enctype=\"multipart\/form-data\" action=\"\/legite\/wp-json\/wp\/v2\/pages\/9\" data-token=\"c7d0ab658f6f6b0d32b16d59ecb455c2\" data-token-time=\"1777299663\"><noscript class=\"wpforms-error-noscript\">Veuillez activer JavaScript dans votre navigateur pour remplir ce formulaire.<\/noscript><div class=\"wpforms-field-container\"><div id=\"wpforms-403-field_0-container\" class=\"wpforms-field wpforms-field-name\" data-field-id=\"0\"><label class=\"wpforms-field-label\">Nom <span class=\"wpforms-required-label\">*<\/span><\/label><div class=\"wpforms-field-row wpforms-field-medium\"><div class=\"wpforms-field-row-block wpforms-first wpforms-one-half\"><input type=\"text\" id=\"wpforms-403-field_0\" class=\"wpforms-field-name-first wpforms-field-required\" name=\"wpforms[fields][0][first]\" required><label for=\"wpforms-403-field_0\" class=\"wpforms-field-sublabel after\">Pr\u00e9nom<\/label><\/div><div class=\"wpforms-field-row-block wpforms-one-half\"><input type=\"text\" id=\"wpforms-403-field_0-last\" class=\"wpforms-field-name-last wpforms-field-required\" name=\"wpforms[fields][0][last]\" required><label for=\"wpforms-403-field_0-last\" class=\"wpforms-field-sublabel after\">Nom<\/label><\/div><\/div><\/div><div id=\"wpforms-403-field_1-container\" class=\"wpforms-field wpforms-field-email\" data-field-id=\"1\"><label class=\"wpforms-field-label\" for=\"wpforms-403-field_1\">Email <span class=\"wpforms-required-label\">*<\/span><\/label><input type=\"email\" id=\"wpforms-403-field_1\" class=\"wpforms-field-medium wpforms-field-required\" name=\"wpforms[fields][1]\" spellcheck=\"false\" required><\/div><div id=\"wpforms-403-field_2-container\" class=\"wpforms-field wpforms-field-textarea\" data-field-id=\"2\"><label class=\"wpforms-field-label\" for=\"wpforms-403-field_2\">Message ou commentaire <span class=\"wpforms-required-label\">*<\/span><\/label><textarea id=\"wpforms-403-field_2\" class=\"wpforms-field-medium wpforms-field-required\" name=\"wpforms[fields][2]\" required><\/textarea><\/div><\/div><!-- .wpforms-field-container --><div class=\"wpforms-submit-container\" ><input type=\"hidden\" name=\"wpforms[id]\" value=\"403\"><input type=\"hidden\" name=\"page_title\" value=\"\"><input type=\"hidden\" name=\"page_url\" value=\"https:\/\/adonf.net\/legite\/wp-json\/wp\/v2\/pages\/9\"><input type=\"hidden\" name=\"url_referer\" value=\"\"><button type=\"submit\" name=\"wpforms[submit]\" id=\"wpforms-submit-403\" class=\"wpforms-submit\" data-alt-text=\"Sending...\" data-submit-text=\"Submit\" aria-live=\"assertive\" value=\"wpforms-submit\">Submit<\/button><img loading=\"lazy\" decoding=\"async\" src=\"https:\/\/adonf.net\/legite\/wp-content\/plugins\/wpforms-lite\/assets\/images\/submit-spin.svg\" class=\"wpforms-submit-spinner\" style=\"display: none;\" width=\"26\" height=\"26\" alt=\"Chargement en cours\"><\/div><\/form><\/div>  <!-- .wpforms-container --><\/div><\/div> <\/div><\/div> <\/div><\/div>","protected":false},"excerpt":{"rendered":"<p>LE G\u00ceTE La Cabane du Bonheur D\u00e9couvrez notre g\u00eete la Cabane du Bonheur en photos D\u00c9COUVREZ LE G\u00ceTE LA R\u00c9GION Le Tri\u00e8ves D\u00e9couvrez la r\u00e9gion du Tri\u00e8ves situ\u00e9e dans le d\u00e9partement de l\u2019Is\u00e8re. D\u00c9COUVREZ LA R\u00c9GION Nos certifications Contactez-nous N\u2019h\u00e9sitez pas \u00e0 nous contacter via ce formulaire de contact pour toute demande de renseignement ou&hellip; <br \/> <a class=\"read-more\" href=\"https:\/\/adonf.net\/legite\/\">Lire la suite<\/a><\/p>\n","protected":false},"author":1,"featured_media":0,"parent":0,"menu_order":0,"comment_status":"closed","ping_status":"closed","template":"page-templates\/homepage.php","meta":{"footnotes":""},"class_list":["post-9","page","type-page","status-publish","hentry"],"yoast_head":"<!-- This site is optimized with the Yoast SEO plugin v26.3 - https:\/\/yoast.com\/wordpress\/plugins\/seo\/ -->\n<title>G\u00eete La Cabane du Bonheur, au coeur du Tri\u00e8ves, entre Vercors et D\u00e9voluy<\/title>\n<meta name=\"description\" content=\"Un gite qui vous fera du bien, la cabane du bonheur ! Au coeur du Tri\u00e8ves, entre Vercors et D\u00e9voluy, Un gite \u00ab 3 \u00e9pis \u00bb, construit en mat\u00e9riaux \u00e9cologiques .\" \/>\n<meta name=\"robots\" content=\"index, follow, max-snippet:-1, max-image-preview:large, max-video-preview:-1\" \/>\n<link rel=\"canonical\" href=\"https:\/\/adonf.net\/legite\/\" \/>\n<meta property=\"og:locale\" content=\"fr_FR\" \/>\n<meta property=\"og:type\" content=\"article\" \/>\n<meta property=\"og:title\" content=\"G\u00eete La Cabane du Bonheur, au coeur du Tri\u00e8ves, entre Vercors et D\u00e9voluy\" \/>\n<meta property=\"og:description\" content=\"Un gite qui vous fera du bien, la cabane du bonheur ! Au coeur du Tri\u00e8ves, entre Vercors et D\u00e9voluy, Un gite \u00ab 3 \u00e9pis \u00bb, construit en mat\u00e9riaux \u00e9cologiques .\" \/>\n<meta property=\"og:url\" content=\"https:\/\/adonf.net\/legite\/\" \/>\n<meta property=\"og:site_name\" content=\"G\u00eete La Cabane du Bonheur\" \/>\n<meta property=\"article:modified_time\" content=\"2022-03-26T09:24:06+00:00\" \/>\n<meta name=\"twitter:card\" content=\"summary_large_image\" \/>\n<meta name=\"twitter:label1\" content=\"Dur\u00e9e de lecture estim\u00e9e\" \/>\n\t<meta name=\"twitter:data1\" content=\"5 minutes\" \/>\n<script type=\"application\/ld+json\" class=\"yoast-schema-graph\">{\"@context\":\"https:\/\/schema.org\",\"@graph\":[{\"@type\":\"WebPage\",\"@id\":\"https:\/\/adonf.net\/legite\/\",\"url\":\"https:\/\/adonf.net\/legite\/\",\"name\":\"G\u00eete La Cabane du Bonheur, au coeur du Tri\u00e8ves, entre Vercors et D\u00e9voluy\",\"isPartOf\":{\"@id\":\"https:\/\/adonf.net\/legite\/#website\"},\"primaryImageOfPage\":{\"@id\":\"https:\/\/adonf.net\/legite\/#primaryimage\"},\"image\":{\"@id\":\"https:\/\/adonf.net\/legite\/#primaryimage\"},\"thumbnailUrl\":\"https:\/\/adonf.net\/legite\/wp-content\/uploads\/sites\/4\/2021\/09\/08_Chambre-1-avec-lit-double.jpg\",\"datePublished\":\"2018-11-01T23:36:17+00:00\",\"dateModified\":\"2022-03-26T09:24:06+00:00\",\"description\":\"Un gite qui vous fera du bien, la cabane du bonheur ! Au coeur du Tri\u00e8ves, entre Vercors et D\u00e9voluy, Un gite \u00ab 3 \u00e9pis \u00bb, construit en mat\u00e9riaux \u00e9cologiques .\",\"breadcrumb\":{\"@id\":\"https:\/\/adonf.net\/legite\/#breadcrumb\"},\"inLanguage\":\"fr-FR\",\"potentialAction\":[{\"@type\":\"ReadAction\",\"target\":[\"https:\/\/adonf.net\/legite\/\"]}]},{\"@type\":\"ImageObject\",\"inLanguage\":\"fr-FR\",\"@id\":\"https:\/\/adonf.net\/legite\/#primaryimage\",\"url\":\"https:\/\/adonf.net\/legite\/wp-content\/uploads\/sites\/4\/2021\/09\/08_Chambre-1-avec-lit-double.jpg\",\"contentUrl\":\"https:\/\/adonf.net\/legite\/wp-content\/uploads\/sites\/4\/2021\/09\/08_Chambre-1-avec-lit-double.jpg\",\"width\":1024,\"height\":680,\"caption\":\"Chambre 1\"},{\"@type\":\"BreadcrumbList\",\"@id\":\"https:\/\/adonf.net\/legite\/#breadcrumb\",\"itemListElement\":[{\"@type\":\"ListItem\",\"position\":1,\"name\":\"Accueil\",\"item\":\"https:\/\/adonf.net\/legite\/\"},{\"@type\":\"ListItem\",\"position\":2,\"name\":\"Accueil\"}]},{\"@type\":\"WebSite\",\"@id\":\"https:\/\/adonf.net\/legite\/#website\",\"url\":\"https:\/\/adonf.net\/legite\/\",\"name\":\"G\u00eete La Cabane du Bonheur\",\"description\":\"\",\"potentialAction\":[{\"@type\":\"SearchAction\",\"target\":{\"@type\":\"EntryPoint\",\"urlTemplate\":\"https:\/\/adonf.net\/legite\/?s={search_term_string}\"},\"query-input\":{\"@type\":\"PropertyValueSpecification\",\"valueRequired\":true,\"valueName\":\"search_term_string\"}}],\"inLanguage\":\"fr-FR\"}]}<\/script>\n<!-- \/ Yoast SEO plugin. -->","yoast_head_json":{"title":"G\u00eete La Cabane du Bonheur, au coeur du Tri\u00e8ves, entre Vercors et D\u00e9voluy","description":"Un gite qui vous fera du bien, la cabane du bonheur ! Au coeur du Tri\u00e8ves, entre Vercors et D\u00e9voluy, Un gite \u00ab 3 \u00e9pis \u00bb, construit en mat\u00e9riaux \u00e9cologiques .","robots":{"index":"index","follow":"follow","max-snippet":"max-snippet:-1","max-image-preview":"max-image-preview:large","max-video-preview":"max-video-preview:-1"},"canonical":"https:\/\/adonf.net\/legite\/","og_locale":"fr_FR","og_type":"article","og_title":"G\u00eete La Cabane du Bonheur, au coeur du Tri\u00e8ves, entre Vercors et D\u00e9voluy","og_description":"Un gite qui vous fera du bien, la cabane du bonheur ! Au coeur du Tri\u00e8ves, entre Vercors et D\u00e9voluy, Un gite \u00ab 3 \u00e9pis \u00bb, construit en mat\u00e9riaux \u00e9cologiques .","og_url":"https:\/\/adonf.net\/legite\/","og_site_name":"G\u00eete La Cabane du Bonheur","article_modified_time":"2022-03-26T09:24:06+00:00","twitter_card":"summary_large_image","twitter_misc":{"Dur\u00e9e de lecture estim\u00e9e":"5 minutes"},"schema":{"@context":"https:\/\/schema.org","@graph":[{"@type":"WebPage","@id":"https:\/\/adonf.net\/legite\/","url":"https:\/\/adonf.net\/legite\/","name":"G\u00eete La Cabane du Bonheur, au coeur du Tri\u00e8ves, entre Vercors et D\u00e9voluy","isPartOf":{"@id":"https:\/\/adonf.net\/legite\/#website"},"primaryImageOfPage":{"@id":"https:\/\/adonf.net\/legite\/#primaryimage"},"image":{"@id":"https:\/\/adonf.net\/legite\/#primaryimage"},"thumbnailUrl":"https:\/\/adonf.net\/legite\/wp-content\/uploads\/sites\/4\/2021\/09\/08_Chambre-1-avec-lit-double.jpg","datePublished":"2018-11-01T23:36:17+00:00","dateModified":"2022-03-26T09:24:06+00:00","description":"Un gite qui vous fera du bien, la cabane du bonheur ! Au coeur du Tri\u00e8ves, entre Vercors et D\u00e9voluy, Un gite \u00ab 3 \u00e9pis \u00bb, construit en mat\u00e9riaux \u00e9cologiques .","breadcrumb":{"@id":"https:\/\/adonf.net\/legite\/#breadcrumb"},"inLanguage":"fr-FR","potentialAction":[{"@type":"ReadAction","target":["https:\/\/adonf.net\/legite\/"]}]},{"@type":"ImageObject","inLanguage":"fr-FR","@id":"https:\/\/adonf.net\/legite\/#primaryimage","url":"https:\/\/adonf.net\/legite\/wp-content\/uploads\/sites\/4\/2021\/09\/08_Chambre-1-avec-lit-double.jpg","contentUrl":"https:\/\/adonf.net\/legite\/wp-content\/uploads\/sites\/4\/2021\/09\/08_Chambre-1-avec-lit-double.jpg","width":1024,"height":680,"caption":"Chambre 1"},{"@type":"BreadcrumbList","@id":"https:\/\/adonf.net\/legite\/#breadcrumb","itemListElement":[{"@type":"ListItem","position":1,"name":"Accueil","item":"https:\/\/adonf.net\/legite\/"},{"@type":"ListItem","position":2,"name":"Accueil"}]},{"@type":"WebSite","@id":"https:\/\/adonf.net\/legite\/#website","url":"https:\/\/adonf.net\/legite\/","name":"G\u00eete La Cabane du Bonheur","description":"","potentialAction":[{"@type":"SearchAction","target":{"@type":"EntryPoint","urlTemplate":"https:\/\/adonf.net\/legite\/?s={search_term_string}"},"query-input":{"@type":"PropertyValueSpecification","valueRequired":true,"valueName":"search_term_string"}}],"inLanguage":"fr-FR"}]}},"_links":{"self":[{"href":"https:\/\/adonf.net\/legite\/wp-json\/wp\/v2\/pages\/9","targetHints":{"allow":["GET"]}}],"collection":[{"href":"https:\/\/adonf.net\/legite\/wp-json\/wp\/v2\/pages"}],"about":[{"href":"https:\/\/adonf.net\/legite\/wp-json\/wp\/v2\/types\/page"}],"author":[{"embeddable":true,"href":"https:\/\/adonf.net\/legite\/wp-json\/wp\/v2\/users\/1"}],"replies":[{"embeddable":true,"href":"https:\/\/adonf.net\/legite\/wp-json\/wp\/v2\/comments?post=9"}],"version-history":[{"count":58,"href":"https:\/\/adonf.net\/legite\/wp-json\/wp\/v2\/pages\/9\/revisions"}],"predecessor-version":[{"id":477,"href":"https:\/\/adonf.net\/legite\/wp-json\/wp\/v2\/pages\/9\/revisions\/477"}],"wp:attachment":[{"href":"https:\/\/adonf.net\/legite\/wp-json\/wp\/v2\/media?parent=9"}],"curies":[{"name":"wp","href":"https:\/\/api.w.org\/{rel}","templated":true}]}}