{"id":431,"date":"2022-02-21T14:39:53","date_gmt":"2022-02-21T13:39:53","guid":{"rendered":"https:\/\/adonf.net\/legite\/?page_id=431"},"modified":"2022-03-23T13:46:54","modified_gmt":"2022-03-23T12:46:54","slug":"le-gite","status":"publish","type":"page","link":"https:\/\/adonf.net\/legite\/le-gite\/","title":{"rendered":"Le g\u00eete"},"content":{"rendered":"<div  data-label=\"Overlappable\" data-id=\"overlappable--1\" data-export-id=\"overlappable-3\" data-category=\"overlappable\" class=\"overlappable-3 content-section content-section-spacing\" data-overlap=\"true\" id=\"overlappable-1\" style=\"background-color: rgb(255, 255, 255);\"><div  class=\"gridContainer\"> <div  class=\"row bg-color-white shadow-medium\"><div  class=\"col-xs-12 col-sm-6 image-col first-image-col\" data-bg=\"image\" style=\"background-image: url(&quot;https:\/\/adonf.net\/legite\/wp-content\/uploads\/sites\/4\/2021\/09\/cropped-03_Degustation-au-bar.jpg&quot;);\"><\/div> <div  class=\"col-xs-12 col-sm-6 content-col col-padding col-padding-xs\"> <div  class=\"col-padding\" data-type=\"column\"> <h4  class=\"\">UN H\u00c9BERGEMENT QUI VOUS FERA DU BIEN !<\/h4> <p  class=\"\">Un gite \u00ab 3 \u00e9pis \u00bb, construit en mat\u00e9riaux \u00e9cologiques et en ossature bois.<br ><br >Entre Vercors et D\u00e9voluy, aux portes de la provence et au coeur du paradis du Tri\u00e8ves\u2026<\/p> <a class=\"button color4\" href=\"https:\/\/adonf.net\/legite\/les-alentours\" target=\"_self\" data-cp-link=\"1\" data-icon=\"fa-camera\" rel=\"noopener\"><span  class=\"button-icon fa fa-camera\"><\/span>D\u00c9COUVRIR LA R\u00c9GION<\/a><\/div> <\/div><\/div> <div  class=\"row bg-color-white shadow-medium\"><div  class=\"col-xs-12 col-sm-6 content-col col-padding col-padding-xs\"> <div  class=\"col-padding\" data-type=\"column\"><h4  class=\"\">CARACT\u00c9RISTIQUES<\/h4> <p  class=\"\">Vaste s\u00e9jour-cuisine &amp; salon ouvrant sur la terrasse (salon de jardin, barbecue).<br >\nChambre 1 : 1 lit 2 personnes (140\u00d7200)\n<br >Chambre 2 : 2 lits gigognes 1 personne, convertible en grand lit 2 personnes\n<br >Chambre 3\/alc\u00f4ve : 1 lit 2 personnes (140\u00d7200) \n<br ><br >Capacit\u00e9 : 6 personnes \n<br >Nombre de chambres : 3 \n<br >Surface : 60 m\u00b2 \n<br ><br >\nAnimaux : non autoris\u00e9s\n<br >Internet : compris<\/p> <a class=\"button color4\" href=\"https:\/\/adonf.net\/legite\/photos-interieur\" target=\"_self\" data-cp-link=\"1\" data-icon=\"fa-camera\" rel=\"noopener\"><span  class=\"button-icon fa fa-camera\"><\/span>D\u00c9COUVRIR LE G\u00ceTE<\/a><\/div> <\/div> <div  class=\"col-xs-12 col-sm-6 image-col second-image-col first-xs last-sm\" data-bg=\"image\" style=\"background-image: url(&quot;https:\/\/adonf.net\/legite\/wp-content\/uploads\/sites\/4\/2018\/11\/cropped-gite_terrasse.jpg&quot;);\"><\/div> <\/div><\/div> <\/div><div  data-label=\"Content\" data-id=\"content--1\" data-export-id=\"content-2\" data-category=\"content\" class=\"content-2 content-section content-section-spacing\" id=\"content-1\" style=\"background-color: rgb(245, 250, 253);\"><div > <div  class=\"row middle-xs\"><div  class=\"col-sm-5 bg-image shadow-large-black\" data-bg=\"image\" style=\"background-image: url(&quot;https:\/\/adonf.net\/legite\/wp-content\/uploads\/sites\/4\/2021\/09\/cropped-118996482_314769446290978_6089540506288379913_n-1.jpg&quot;);\"><\/div> <div  class=\"col-sm-7 full-col-left-padding full-col-right-padding\"> <div  class=\"row\"> <div  data-type=\"column\" class=\"space-bottom-small content-title-col\"> <h5  class=\"\">POINTS IMPORTANTS<\/h5> <h2  class=\"\">Services &amp; \u00e9quipements<\/h2> <\/div> <\/div> <div  class=\"row spaced-cols \" data-type=\"row\"> <div  class=\"col-xs-6\" data-type=\"column\"> <h5  class=\"\">ACCUEIL<\/h5> <p  class=\"\">Vous serez accueilli par Anna et Vincent propri\u00e9taire du g\u00eete.<\/p><\/div> <div  class=\"col-xs-6\" data-type=\"column\"><h5  class=\"\">\u00c9QUIPEMENT EXT\u00c9RIEUR<\/h5> <p  class=\"\">Terrasse, Salon de jardin, Parking ext\u00e9rieur, Barbecue<\/p><\/div> <div  class=\"col-xs-6\" data-type=\"column\"><h5  class=\"\">SERVICES<\/h5> <p  class=\"\">Charges et taxes de s\u00e9jour incluses<br >\nM\u00e9nage en option (50.00 \u20ac pour le s\u00e9jour)<br >\nLocation draps (8 \u20ac par lit)<br >\nLocation linge de toilette (8 \u20ac pour le s\u00e9jour)<\/p><\/div> <div  class=\"col-xs-6\" data-type=\"column\"><h5  class=\"\">\u00c9QUIPEMENT INT\u00c9RIEUR<\/h5> <p  class=\"\">Lave linge, lave vaisselle, frigo\/cong\u00e9lateur, four\/MO\/grill, TV, wifi, internet.<\/p><\/div> <\/div><\/div> <\/div><\/div> <\/div><div  data-label=\"Clients\" data-id=\"clients--1\" data-export-id=\"clients-2\" data-category=\"clients\" class=\"clients-2 content-section content-section-spacing\" id=\"clients-1\" style=\"background-color: rgb(255, 255, 255); background-image: none;\"><div  class=\"gridContainer\"> <div  class=\"row\"><div  class=\"section-title-col\" data-type=\"column\"> <h2  class=\"font-700\">Nos certifications<\/h2> <\/div> <\/div> <div  class=\"row center-xs spaced-cols padding-lr\" data-type=\"row\">  <div  class=\"col-xs-6 col-sm-3\"> <img decoding=\"async\"  src=\"https:\/\/adonf.net\/legite\/wp-content\/uploads\/sites\/4\/2022\/02\/Logo-Gites-de-France.jpg\" class=\"\" title=\"Logo-G\u00eetes-de-France\" alt=\"\"><\/div>   <\/div><\/div> <\/div>","protected":false},"excerpt":{"rendered":"<p>UN H\u00c9BERGEMENT QUI VOUS FERA DU BIEN ! Un gite \u00ab 3 \u00e9pis \u00bb, construit en mat\u00e9riaux \u00e9cologiques et en ossature bois.Entre Vercors et D\u00e9voluy, aux portes de la provence et au coeur du paradis du Tri\u00e8ves\u2026 D\u00c9COUVRIR LA R\u00c9GION CARACT\u00c9RISTIQUES Vaste s\u00e9jour-cuisine &amp; salon ouvrant sur la terrasse (salon de jardin, barbecue). Chambre 1&hellip; <br \/> <a class=\"read-more\" href=\"https:\/\/adonf.net\/legite\/le-gite\/\">Lire la suite<\/a><\/p>\n","protected":false},"author":1,"featured_media":0,"parent":0,"menu_order":0,"comment_status":"closed","ping_status":"closed","template":"pro\/page-templates\/full-width-page.php","meta":{"footnotes":""},"class_list":["post-431","page","type-page","status-publish","hentry"],"yoast_head":"<!-- This site is optimized with the Yoast SEO plugin v26.3 - https:\/\/yoast.com\/wordpress\/plugins\/seo\/ -->\n<title>Le g\u00eete - G\u00eete La Cabane du Bonheur<\/title>\n<meta name=\"robots\" content=\"index, follow, max-snippet:-1, max-image-preview:large, max-video-preview:-1\" \/>\n<link rel=\"canonical\" href=\"https:\/\/adonf.net\/legite\/le-gite\/\" \/>\n<meta property=\"og:locale\" content=\"fr_FR\" \/>\n<meta property=\"og:type\" content=\"article\" \/>\n<meta property=\"og:title\" content=\"Le g\u00eete - G\u00eete La Cabane du Bonheur\" \/>\n<meta property=\"og:description\" content=\"UN H\u00c9BERGEMENT QUI VOUS FERA DU BIEN ! Un gite \u00ab 3 \u00e9pis \u00bb, construit en mat\u00e9riaux \u00e9cologiques et en ossature bois.Entre Vercors et D\u00e9voluy, aux portes de la provence et au coeur du paradis du Tri\u00e8ves\u2026 D\u00c9COUVRIR LA R\u00c9GION CARACT\u00c9RISTIQUES Vaste s\u00e9jour-cuisine &amp; salon ouvrant sur la terrasse (salon de jardin, barbecue). Chambre 1&hellip; Lire la suite\" \/>\n<meta property=\"og:url\" content=\"https:\/\/adonf.net\/legite\/le-gite\/\" \/>\n<meta property=\"og:site_name\" content=\"G\u00eete La Cabane du Bonheur\" \/>\n<meta property=\"article:modified_time\" content=\"2022-03-23T12:46:54+00:00\" \/>\n<meta property=\"og:image\" content=\"https:\/\/adonf.net\/legite\/wp-content\/uploads\/sites\/4\/2022\/02\/Logo-Gites-de-France.jpg\" \/>\n<meta name=\"twitter:card\" content=\"summary_large_image\" \/>\n<meta name=\"twitter:label1\" content=\"Dur\u00e9e de lecture estim\u00e9e\" \/>\n\t<meta name=\"twitter:data1\" content=\"1 minute\" \/>\n<script type=\"application\/ld+json\" class=\"yoast-schema-graph\">{\"@context\":\"https:\/\/schema.org\",\"@graph\":[{\"@type\":\"WebPage\",\"@id\":\"https:\/\/adonf.net\/legite\/le-gite\/\",\"url\":\"https:\/\/adonf.net\/legite\/le-gite\/\",\"name\":\"Le g\u00eete - G\u00eete La Cabane du Bonheur\",\"isPartOf\":{\"@id\":\"https:\/\/adonf.net\/legite\/#website\"},\"primaryImageOfPage\":{\"@id\":\"https:\/\/adonf.net\/legite\/le-gite\/#primaryimage\"},\"image\":{\"@id\":\"https:\/\/adonf.net\/legite\/le-gite\/#primaryimage\"},\"thumbnailUrl\":\"https:\/\/adonf.net\/legite\/wp-content\/uploads\/sites\/4\/2022\/02\/Logo-Gites-de-France.jpg\",\"datePublished\":\"2022-02-21T13:39:53+00:00\",\"dateModified\":\"2022-03-23T12:46:54+00:00\",\"breadcrumb\":{\"@id\":\"https:\/\/adonf.net\/legite\/le-gite\/#breadcrumb\"},\"inLanguage\":\"fr-FR\",\"potentialAction\":[{\"@type\":\"ReadAction\",\"target\":[\"https:\/\/adonf.net\/legite\/le-gite\/\"]}]},{\"@type\":\"ImageObject\",\"inLanguage\":\"fr-FR\",\"@id\":\"https:\/\/adonf.net\/legite\/le-gite\/#primaryimage\",\"url\":\"https:\/\/adonf.net\/legite\/wp-content\/uploads\/sites\/4\/2022\/02\/Logo-Gites-de-France.jpg\",\"contentUrl\":\"https:\/\/adonf.net\/legite\/wp-content\/uploads\/sites\/4\/2022\/02\/Logo-Gites-de-France.jpg\",\"width\":1417,\"height\":1417},{\"@type\":\"BreadcrumbList\",\"@id\":\"https:\/\/adonf.net\/legite\/le-gite\/#breadcrumb\",\"itemListElement\":[{\"@type\":\"ListItem\",\"position\":1,\"name\":\"Accueil\",\"item\":\"https:\/\/adonf.net\/legite\/\"},{\"@type\":\"ListItem\",\"position\":2,\"name\":\"Le g\u00eete\"}]},{\"@type\":\"WebSite\",\"@id\":\"https:\/\/adonf.net\/legite\/#website\",\"url\":\"https:\/\/adonf.net\/legite\/\",\"name\":\"G\u00eete La Cabane du Bonheur\",\"description\":\"\",\"potentialAction\":[{\"@type\":\"SearchAction\",\"target\":{\"@type\":\"EntryPoint\",\"urlTemplate\":\"https:\/\/adonf.net\/legite\/?s={search_term_string}\"},\"query-input\":{\"@type\":\"PropertyValueSpecification\",\"valueRequired\":true,\"valueName\":\"search_term_string\"}}],\"inLanguage\":\"fr-FR\"}]}<\/script>\n<!-- \/ Yoast SEO plugin. -->","yoast_head_json":{"title":"Le g\u00eete - G\u00eete La Cabane du Bonheur","robots":{"index":"index","follow":"follow","max-snippet":"max-snippet:-1","max-image-preview":"max-image-preview:large","max-video-preview":"max-video-preview:-1"},"canonical":"https:\/\/adonf.net\/legite\/le-gite\/","og_locale":"fr_FR","og_type":"article","og_title":"Le g\u00eete - G\u00eete La Cabane du Bonheur","og_description":"UN H\u00c9BERGEMENT QUI VOUS FERA DU BIEN ! Un gite \u00ab 3 \u00e9pis \u00bb, construit en mat\u00e9riaux \u00e9cologiques et en ossature bois.Entre Vercors et D\u00e9voluy, aux portes de la provence et au coeur du paradis du Tri\u00e8ves\u2026 D\u00c9COUVRIR LA R\u00c9GION CARACT\u00c9RISTIQUES Vaste s\u00e9jour-cuisine &amp; salon ouvrant sur la terrasse (salon de jardin, barbecue). Chambre 1&hellip; Lire la suite","og_url":"https:\/\/adonf.net\/legite\/le-gite\/","og_site_name":"G\u00eete La Cabane du Bonheur","article_modified_time":"2022-03-23T12:46:54+00:00","og_image":[{"url":"https:\/\/adonf.net\/legite\/wp-content\/uploads\/sites\/4\/2022\/02\/Logo-Gites-de-France.jpg","type":"","width":"","height":""}],"twitter_card":"summary_large_image","twitter_misc":{"Dur\u00e9e de lecture estim\u00e9e":"1 minute"},"schema":{"@context":"https:\/\/schema.org","@graph":[{"@type":"WebPage","@id":"https:\/\/adonf.net\/legite\/le-gite\/","url":"https:\/\/adonf.net\/legite\/le-gite\/","name":"Le g\u00eete - G\u00eete La Cabane du Bonheur","isPartOf":{"@id":"https:\/\/adonf.net\/legite\/#website"},"primaryImageOfPage":{"@id":"https:\/\/adonf.net\/legite\/le-gite\/#primaryimage"},"image":{"@id":"https:\/\/adonf.net\/legite\/le-gite\/#primaryimage"},"thumbnailUrl":"https:\/\/adonf.net\/legite\/wp-content\/uploads\/sites\/4\/2022\/02\/Logo-Gites-de-France.jpg","datePublished":"2022-02-21T13:39:53+00:00","dateModified":"2022-03-23T12:46:54+00:00","breadcrumb":{"@id":"https:\/\/adonf.net\/legite\/le-gite\/#breadcrumb"},"inLanguage":"fr-FR","potentialAction":[{"@type":"ReadAction","target":["https:\/\/adonf.net\/legite\/le-gite\/"]}]},{"@type":"ImageObject","inLanguage":"fr-FR","@id":"https:\/\/adonf.net\/legite\/le-gite\/#primaryimage","url":"https:\/\/adonf.net\/legite\/wp-content\/uploads\/sites\/4\/2022\/02\/Logo-Gites-de-France.jpg","contentUrl":"https:\/\/adonf.net\/legite\/wp-content\/uploads\/sites\/4\/2022\/02\/Logo-Gites-de-France.jpg","width":1417,"height":1417},{"@type":"BreadcrumbList","@id":"https:\/\/adonf.net\/legite\/le-gite\/#breadcrumb","itemListElement":[{"@type":"ListItem","position":1,"name":"Accueil","item":"https:\/\/adonf.net\/legite\/"},{"@type":"ListItem","position":2,"name":"Le g\u00eete"}]},{"@type":"WebSite","@id":"https:\/\/adonf.net\/legite\/#website","url":"https:\/\/adonf.net\/legite\/","name":"G\u00eete La Cabane du Bonheur","description":"","potentialAction":[{"@type":"SearchAction","target":{"@type":"EntryPoint","urlTemplate":"https:\/\/adonf.net\/legite\/?s={search_term_string}"},"query-input":{"@type":"PropertyValueSpecification","valueRequired":true,"valueName":"search_term_string"}}],"inLanguage":"fr-FR"}]}},"_links":{"self":[{"href":"https:\/\/adonf.net\/legite\/wp-json\/wp\/v2\/pages\/431","targetHints":{"allow":["GET"]}}],"collection":[{"href":"https:\/\/adonf.net\/legite\/wp-json\/wp\/v2\/pages"}],"about":[{"href":"https:\/\/adonf.net\/legite\/wp-json\/wp\/v2\/types\/page"}],"author":[{"embeddable":true,"href":"https:\/\/adonf.net\/legite\/wp-json\/wp\/v2\/users\/1"}],"replies":[{"embeddable":true,"href":"https:\/\/adonf.net\/legite\/wp-json\/wp\/v2\/comments?post=431"}],"version-history":[{"count":6,"href":"https:\/\/adonf.net\/legite\/wp-json\/wp\/v2\/pages\/431\/revisions"}],"predecessor-version":[{"id":479,"href":"https:\/\/adonf.net\/legite\/wp-json\/wp\/v2\/pages\/431\/revisions\/479"}],"wp:attachment":[{"href":"https:\/\/adonf.net\/legite\/wp-json\/wp\/v2\/media?parent=431"}],"curies":[{"name":"wp","href":"https:\/\/api.w.org\/{rel}","templated":true}]}}