{"id":414,"date":"2022-02-21T14:14:10","date_gmt":"2022-02-21T13:14:10","guid":{"rendered":"https:\/\/adonf.net\/legite\/?page_id=414"},"modified":"2022-02-21T15:20:12","modified_gmt":"2022-02-21T14:20:12","slug":"contact","status":"publish","type":"page","link":"https:\/\/adonf.net\/legite\/contact\/","title":{"rendered":"Contact"},"content":{"rendered":"<div data-label=\"Content\" data-id=\"content--1\" data-export-id=\"content-18\" data-category=\"content\" class=\"content-18 content-section content-section-spacing\" id=\"content-1\"  style=\"background-color: rgb(245, 250, 253);\"><div class=\"gridContainer\" > <div class=\"row middle-sm\" ><div class=\"col-sm-6 flexbox around-xs top-xs space-bottom-xs space-top-xs\" > <div class=\"overlay-box flexbox middle-xs center-xs overlay-holder\" ><div class=\"overlay-box-offset offset-background shadow-medium bg-color2 hide-xs\" ><\/div> <img decoding=\"async\" class=\"flexbox shadow-large img1\" data-size=\"500x500\" src=\"https:\/\/adonf.net\/legite\/wp-content\/uploads\/sites\/4\/2021\/09\/grand-veymont-depuis-plateau-scaled.jpg\"  title=\"grand veymont depuis plateau\" alt=\"\"><\/div> <\/div> <div class=\"col-sm-6\" data-type=\"column\" > <h2 class=\"\" >R\u00e9servation<\/h2> <p class=\"\" >En r\u00e9servant en direct vous b\u00e9n\u00e9ficierez de nos meilleurs tarifs !<\/p> <a class=\"button color4\" href=\"https:\/\/gite-la-cabane-du-bonheur.amenitiz.io\/fr\/booking\/room\" target=\"_self\" data-cp-link=\"1\" data-icon=\"fa-send-o\" rel=\"noopener\"><span class=\"button-icon fa fa-send-o\" ><\/span>R\u00c9SERVATION<\/a><\/div> <\/div><\/div> <\/div><div data-label=\"Contact\" data-id=\"contact--1\" data-export-id=\"contact-1\" data-category=\"contact\" class=\"contact-1 content-section content-section-spacing white-text\" data-parallax-depth=\"20\" id=\"contact-1\"  style=\"background-color: rgb(255, 255, 255); background-image: url(&quot;https:\/\/adonf.net\/legite\/wp-content\/uploads\/sites\/4\/2021\/09\/03_Lac-du-Monteynard.resized.jpg&quot;); background-size: cover; background-position: center top;\"><div class=\"gridContainer\" > <div class=\"row text-center\" ><div class=\"section-title-col\" data-type=\"column\" > <h2 class=\"\" >Contactez-nous<\/h2> <p class=\"lead\" >N\u2019h\u00e9sitez pas \u00e0 nous contacter via ce formulaire de contact pour toute demande de renseignement ou de r\u00e9servation.<\/p><\/div> <\/div> <div class=\"row text-center\" > <div class=\"col-xs-12 col-sm-8 col-sm-offset-2 contact-form-wrapper inline-info\" > <div class=\"card large-padding\" > <div class=\"\" data-content-shortcode=\"mesmerize_contact_form shortcode=&quot;wpforms id=&amp;amp;quot;403&amp;amp;quot; title=&amp;amp;quot;false&amp;amp;quot;&quot;\" data-editable=\"true\" ><div class=\"wpforms-container wpforms-container-full\" id=\"wpforms-403\"><form id=\"wpforms-form-403\" class=\"wpforms-validate wpforms-form wpforms-ajax-form\" data-formid=\"403\" method=\"post\" enctype=\"multipart\/form-data\" action=\"\/legite\/wp-json\/wp\/v2\/pages\/414\" data-token=\"fb900a1870e5cea8ea5054a27573f645\" data-token-time=\"1778710790\"><noscript class=\"wpforms-error-noscript\">Veuillez activer JavaScript dans votre navigateur pour remplir ce formulaire.<\/noscript><div class=\"wpforms-field-container\"><div id=\"wpforms-403-field_0-container\" class=\"wpforms-field wpforms-field-name\" data-field-id=\"0\"><label class=\"wpforms-field-label\">Nom <span class=\"wpforms-required-label\">*<\/span><\/label><div class=\"wpforms-field-row wpforms-field-medium\"><div class=\"wpforms-field-row-block wpforms-first wpforms-one-half\"><input type=\"text\" id=\"wpforms-403-field_0\" class=\"wpforms-field-name-first wpforms-field-required\" name=\"wpforms[fields][0][first]\" required><label for=\"wpforms-403-field_0\" class=\"wpforms-field-sublabel after\">Pr\u00e9nom<\/label><\/div><div class=\"wpforms-field-row-block wpforms-one-half\"><input type=\"text\" id=\"wpforms-403-field_0-last\" class=\"wpforms-field-name-last wpforms-field-required\" name=\"wpforms[fields][0][last]\" required><label for=\"wpforms-403-field_0-last\" class=\"wpforms-field-sublabel after\">Nom<\/label><\/div><\/div><\/div><div id=\"wpforms-403-field_1-container\" class=\"wpforms-field wpforms-field-email\" data-field-id=\"1\"><label class=\"wpforms-field-label\" for=\"wpforms-403-field_1\">Email <span class=\"wpforms-required-label\">*<\/span><\/label><input type=\"email\" id=\"wpforms-403-field_1\" class=\"wpforms-field-medium wpforms-field-required\" name=\"wpforms[fields][1]\" spellcheck=\"false\" required><\/div><div id=\"wpforms-403-field_2-container\" class=\"wpforms-field wpforms-field-textarea\" data-field-id=\"2\"><label class=\"wpforms-field-label\" for=\"wpforms-403-field_2\">Message ou commentaire <span class=\"wpforms-required-label\">*<\/span><\/label><textarea id=\"wpforms-403-field_2\" class=\"wpforms-field-medium wpforms-field-required\" name=\"wpforms[fields][2]\" required><\/textarea><\/div><\/div><!-- .wpforms-field-container --><div class=\"wpforms-submit-container\" ><input type=\"hidden\" name=\"wpforms[id]\" value=\"403\"><input type=\"hidden\" name=\"page_title\" value=\"\"><input type=\"hidden\" name=\"page_url\" value=\"https:\/\/adonf.net\/legite\/wp-json\/wp\/v2\/pages\/414\"><input type=\"hidden\" name=\"url_referer\" value=\"\"><button type=\"submit\" name=\"wpforms[submit]\" id=\"wpforms-submit-403\" class=\"wpforms-submit\" data-alt-text=\"Sending...\" data-submit-text=\"Submit\" aria-live=\"assertive\" value=\"wpforms-submit\">Submit<\/button><img loading=\"lazy\" decoding=\"async\" src=\"https:\/\/adonf.net\/legite\/wp-content\/plugins\/wpforms-lite\/assets\/images\/submit-spin.svg\" class=\"wpforms-submit-spinner\" style=\"display: none;\" width=\"26\" height=\"26\" alt=\"Chargement en cours\"><\/div><\/form><\/div>  <!-- .wpforms-container --><\/div><\/div> <\/div><\/div> <\/div><\/div>","protected":false},"excerpt":{"rendered":"<p>R\u00e9servation En r\u00e9servant en direct vous b\u00e9n\u00e9ficierez de nos meilleurs tarifs ! R\u00c9SERVATION Contactez-nous N\u2019h\u00e9sitez pas \u00e0 nous contacter via ce formulaire de contact pour toute demande de renseignement ou de r\u00e9servation.<\/p>\n","protected":false},"author":1,"featured_media":0,"parent":0,"menu_order":0,"comment_status":"closed","ping_status":"closed","template":"pro\/page-templates\/full-width-page.php","meta":{"footnotes":""},"class_list":["post-414","page","type-page","status-publish","hentry"],"yoast_head":"<!-- This site is optimized with the Yoast SEO plugin v26.3 - https:\/\/yoast.com\/wordpress\/plugins\/seo\/ -->\n<title>Contact - G\u00eete La Cabane du Bonheur<\/title>\n<meta name=\"robots\" content=\"index, follow, max-snippet:-1, max-image-preview:large, max-video-preview:-1\" \/>\n<link rel=\"canonical\" href=\"https:\/\/adonf.net\/legite\/contact\/\" \/>\n<meta property=\"og:locale\" content=\"fr_FR\" \/>\n<meta property=\"og:type\" content=\"article\" \/>\n<meta property=\"og:title\" content=\"Contact - G\u00eete La Cabane du Bonheur\" \/>\n<meta property=\"og:description\" content=\"R\u00e9servation En r\u00e9servant en direct vous b\u00e9n\u00e9ficierez de nos meilleurs tarifs ! R\u00c9SERVATION Contactez-nous N\u2019h\u00e9sitez pas \u00e0 nous contacter via ce formulaire de contact pour toute demande de renseignement ou de r\u00e9servation.\" \/>\n<meta property=\"og:url\" content=\"https:\/\/adonf.net\/legite\/contact\/\" \/>\n<meta property=\"og:site_name\" content=\"G\u00eete La Cabane du Bonheur\" \/>\n<meta property=\"article:modified_time\" content=\"2022-02-21T14:20:12+00:00\" \/>\n<meta property=\"og:image\" content=\"https:\/\/adonf.net\/legite\/wp-content\/uploads\/sites\/4\/2021\/09\/grand-veymont-depuis-plateau-scaled.jpg\" \/>\n<meta name=\"twitter:card\" content=\"summary_large_image\" \/>\n<script type=\"application\/ld+json\" class=\"yoast-schema-graph\">{\"@context\":\"https:\/\/schema.org\",\"@graph\":[{\"@type\":\"WebPage\",\"@id\":\"https:\/\/adonf.net\/legite\/contact\/\",\"url\":\"https:\/\/adonf.net\/legite\/contact\/\",\"name\":\"Contact - G\u00eete La Cabane du Bonheur\",\"isPartOf\":{\"@id\":\"https:\/\/adonf.net\/legite\/#website\"},\"primaryImageOfPage\":{\"@id\":\"https:\/\/adonf.net\/legite\/contact\/#primaryimage\"},\"image\":{\"@id\":\"https:\/\/adonf.net\/legite\/contact\/#primaryimage\"},\"thumbnailUrl\":\"https:\/\/adonf.net\/legite\/wp-content\/uploads\/sites\/4\/2021\/09\/grand-veymont-depuis-plateau-scaled.jpg\",\"datePublished\":\"2022-02-21T13:14:10+00:00\",\"dateModified\":\"2022-02-21T14:20:12+00:00\",\"breadcrumb\":{\"@id\":\"https:\/\/adonf.net\/legite\/contact\/#breadcrumb\"},\"inLanguage\":\"fr-FR\",\"potentialAction\":[{\"@type\":\"ReadAction\",\"target\":[\"https:\/\/adonf.net\/legite\/contact\/\"]}]},{\"@type\":\"ImageObject\",\"inLanguage\":\"fr-FR\",\"@id\":\"https:\/\/adonf.net\/legite\/contact\/#primaryimage\",\"url\":\"https:\/\/adonf.net\/legite\/wp-content\/uploads\/sites\/4\/2021\/09\/grand-veymont-depuis-plateau-scaled.jpg\",\"contentUrl\":\"https:\/\/adonf.net\/legite\/wp-content\/uploads\/sites\/4\/2021\/09\/grand-veymont-depuis-plateau-scaled.jpg\",\"width\":2560,\"height\":1920},{\"@type\":\"BreadcrumbList\",\"@id\":\"https:\/\/adonf.net\/legite\/contact\/#breadcrumb\",\"itemListElement\":[{\"@type\":\"ListItem\",\"position\":1,\"name\":\"Accueil\",\"item\":\"https:\/\/adonf.net\/legite\/\"},{\"@type\":\"ListItem\",\"position\":2,\"name\":\"Contact\"}]},{\"@type\":\"WebSite\",\"@id\":\"https:\/\/adonf.net\/legite\/#website\",\"url\":\"https:\/\/adonf.net\/legite\/\",\"name\":\"G\u00eete La Cabane du Bonheur\",\"description\":\"\",\"potentialAction\":[{\"@type\":\"SearchAction\",\"target\":{\"@type\":\"EntryPoint\",\"urlTemplate\":\"https:\/\/adonf.net\/legite\/?s={search_term_string}\"},\"query-input\":{\"@type\":\"PropertyValueSpecification\",\"valueRequired\":true,\"valueName\":\"search_term_string\"}}],\"inLanguage\":\"fr-FR\"}]}<\/script>\n<!-- \/ Yoast SEO plugin. -->","yoast_head_json":{"title":"Contact - G\u00eete La Cabane du Bonheur","robots":{"index":"index","follow":"follow","max-snippet":"max-snippet:-1","max-image-preview":"max-image-preview:large","max-video-preview":"max-video-preview:-1"},"canonical":"https:\/\/adonf.net\/legite\/contact\/","og_locale":"fr_FR","og_type":"article","og_title":"Contact - G\u00eete La Cabane du Bonheur","og_description":"R\u00e9servation En r\u00e9servant en direct vous b\u00e9n\u00e9ficierez de nos meilleurs tarifs ! R\u00c9SERVATION Contactez-nous N\u2019h\u00e9sitez pas \u00e0 nous contacter via ce formulaire de contact pour toute demande de renseignement ou de r\u00e9servation.","og_url":"https:\/\/adonf.net\/legite\/contact\/","og_site_name":"G\u00eete La Cabane du Bonheur","article_modified_time":"2022-02-21T14:20:12+00:00","og_image":[{"url":"https:\/\/adonf.net\/legite\/wp-content\/uploads\/sites\/4\/2021\/09\/grand-veymont-depuis-plateau-scaled.jpg","type":"","width":"","height":""}],"twitter_card":"summary_large_image","schema":{"@context":"https:\/\/schema.org","@graph":[{"@type":"WebPage","@id":"https:\/\/adonf.net\/legite\/contact\/","url":"https:\/\/adonf.net\/legite\/contact\/","name":"Contact - G\u00eete La Cabane du Bonheur","isPartOf":{"@id":"https:\/\/adonf.net\/legite\/#website"},"primaryImageOfPage":{"@id":"https:\/\/adonf.net\/legite\/contact\/#primaryimage"},"image":{"@id":"https:\/\/adonf.net\/legite\/contact\/#primaryimage"},"thumbnailUrl":"https:\/\/adonf.net\/legite\/wp-content\/uploads\/sites\/4\/2021\/09\/grand-veymont-depuis-plateau-scaled.jpg","datePublished":"2022-02-21T13:14:10+00:00","dateModified":"2022-02-21T14:20:12+00:00","breadcrumb":{"@id":"https:\/\/adonf.net\/legite\/contact\/#breadcrumb"},"inLanguage":"fr-FR","potentialAction":[{"@type":"ReadAction","target":["https:\/\/adonf.net\/legite\/contact\/"]}]},{"@type":"ImageObject","inLanguage":"fr-FR","@id":"https:\/\/adonf.net\/legite\/contact\/#primaryimage","url":"https:\/\/adonf.net\/legite\/wp-content\/uploads\/sites\/4\/2021\/09\/grand-veymont-depuis-plateau-scaled.jpg","contentUrl":"https:\/\/adonf.net\/legite\/wp-content\/uploads\/sites\/4\/2021\/09\/grand-veymont-depuis-plateau-scaled.jpg","width":2560,"height":1920},{"@type":"BreadcrumbList","@id":"https:\/\/adonf.net\/legite\/contact\/#breadcrumb","itemListElement":[{"@type":"ListItem","position":1,"name":"Accueil","item":"https:\/\/adonf.net\/legite\/"},{"@type":"ListItem","position":2,"name":"Contact"}]},{"@type":"WebSite","@id":"https:\/\/adonf.net\/legite\/#website","url":"https:\/\/adonf.net\/legite\/","name":"G\u00eete La Cabane du Bonheur","description":"","potentialAction":[{"@type":"SearchAction","target":{"@type":"EntryPoint","urlTemplate":"https:\/\/adonf.net\/legite\/?s={search_term_string}"},"query-input":{"@type":"PropertyValueSpecification","valueRequired":true,"valueName":"search_term_string"}}],"inLanguage":"fr-FR"}]}},"_links":{"self":[{"href":"https:\/\/adonf.net\/legite\/wp-json\/wp\/v2\/pages\/414","targetHints":{"allow":["GET"]}}],"collection":[{"href":"https:\/\/adonf.net\/legite\/wp-json\/wp\/v2\/pages"}],"about":[{"href":"https:\/\/adonf.net\/legite\/wp-json\/wp\/v2\/types\/page"}],"author":[{"embeddable":true,"href":"https:\/\/adonf.net\/legite\/wp-json\/wp\/v2\/users\/1"}],"replies":[{"embeddable":true,"href":"https:\/\/adonf.net\/legite\/wp-json\/wp\/v2\/comments?post=414"}],"version-history":[{"count":4,"href":"https:\/\/adonf.net\/legite\/wp-json\/wp\/v2\/pages\/414\/revisions"}],"predecessor-version":[{"id":463,"href":"https:\/\/adonf.net\/legite\/wp-json\/wp\/v2\/pages\/414\/revisions\/463"}],"wp:attachment":[{"href":"https:\/\/adonf.net\/legite\/wp-json\/wp\/v2\/media?parent=414"}],"curies":[{"name":"wp","href":"https:\/\/api.w.org\/{rel}","templated":true}]}}