{"id":251,"date":"2021-06-25T12:55:23","date_gmt":"2021-06-25T10:55:23","guid":{"rendered":"https:\/\/adonf.net\/legite\/?page_id=251"},"modified":"2022-03-26T10:47:43","modified_gmt":"2022-03-26T09:47:43","slug":"les-alentours","status":"publish","type":"page","link":"https:\/\/adonf.net\/legite\/les-alentours\/","title":{"rendered":"Les alentours"},"content":{"rendered":"<div  data-label=\"Features\" data-id=\"features--1\" data-export-id=\"features-12\" data-category=\"features\" class=\"features-12 content-section content-section-spacing \" id=\"features-1\" style=\"background-color: rgb(255, 255, 255);\"><div  class=\"gridContainer\"> <div  class=\"row text-center\"><div  class=\"section-title-col\" data-type=\"column\"> <h2  class=\"\">Th\u00e9matiques possibles de votre s\u00e9jour<\/h2> <\/div> <\/div> <div  class=\"row spaced-cols\" data-type=\"row\"> <div  class=\"col-sm-6\"> <div  class=\"row space-bottom\"> <div  class=\"col-sm-fit icon-column\"> <i  class=\"fa icon fa-tree bordered round color4\"><\/i> <\/div> <div  class=\"col-sm\" data-type=\"column\"> <h5  class=\"color2\"><span  style=\"color: rgb(99, 132, 148);\">RANDONN\u00c9E ET \u00c9QUITATION<\/span><\/h5> <p  class=\"\">Randonn\u00e9e avec de multiples sentiers de grandes et petites randonn\u00e9es (GR\u00ae et PR\u00ae).\n<br >\u00c9quitation : ferme \u00e9questre \u00e0 300m.<\/p><\/div> <\/div><\/div> <div  class=\"col-sm-6\"><div  class=\"row space-bottom\"> <div  class=\"col-sm-fit icon-column\"><i  class=\"fa icon fa-snowflake-o bordered round color4\"><\/i><\/div> <div  class=\"col-sm\" data-type=\"column\"><h5  class=\"color2\"><span  style=\"color: rgb(99, 132, 148);\">SKI DE FOND&nbsp;<\/span><\/h5> <p  class=\"\">Situ\u00e9es \u00e0 proximit\u00e9 de massifs montagneux, \u00e0 moins de 15 km des foyers de fond<\/p><\/div> <\/div><\/div> <div  class=\"col-sm-6\"><div  class=\"row space-bottom\"> <div  class=\"col-sm-fit icon-column\"><i  class=\"fa icon fa-trophy bordered round color4\"><\/i><\/div> <div  class=\"col-sm\" data-type=\"column\"><h5  class=\"color2\"><span  style=\"color: rgb(99, 132, 148);\">SPORTS DE SENSATION<\/span><\/h5> <p  class=\"\">Sites de parapente, d\u2019escalade, de plong\u00e9e, de canyoning ou de sp\u00e9l\u00e9o. Possibilit\u00e9 de bapt\u00e8me de vol en parapente pour PMR avec fauteuil de vol, pilotes sp\u00e9cialement qualifi\u00e8s<\/p><\/div> <\/div><\/div> <div  class=\"col-sm-6\"><div  class=\"row space-bottom\"> <div  class=\"col-sm-fit icon-column\"><i  class=\"fa icon fa-motorcycle bordered round color4\"><\/i><\/div> <div  class=\"col-sm\" data-type=\"column\"><h5  class=\"color2\"><span  style=\"color: rgb(99, 132, 148);\">MOTO<\/span><\/h5> <p  class=\"\">Motards bienvenus au g\u00eete<\/p><\/div> <\/div><\/div> <\/div><\/div> <\/div><div  data-label=\"About\" data-id=\"about--1\" data-export-id=\"about-6\" data-category=\"about\" class=\"about-6 content-section content-section-spacing\" id=\"about-1\" style=\"background-color: rgb(245, 250, 253);\"><div  class=\"gridContainer\"> <div  class=\"row middle-sm text-center\"><div  class=\"col-sm-6 space-bottom-xs\" data-type=\"column\">  <h2  class=\"\">\u00c0 proximit\u00e9 du g\u00eete<\/h2> <p  class=\"\">Centre europ\u00e9en de l\u2019\u00e9cologie, sports nautiques (voile) &amp; excursions bateau, Lac Monteynard, sentiers randos, VTT, cheval\/\u00e2ne. Raquettes, Parcours aventure, via ferrata, montagne, passerelles himalayennes. \n<br ><br >Mais aussi des march\u00e9s BIO !<\/p> <\/div> <div  class=\"col-sm-6 image-group-right-3 space-bottom-xs\"><div  class=\"top-media\"> <img decoding=\"async\"  class=\"shadow-large\" data-size=\"350x250\" src=\"https:\/\/adonf.net\/legite\/wp-content\/uploads\/sites\/4\/2021\/09\/Activites-nautiques-lac-de-Monteynard-Avignonet-credit-photo-Sarah-Desprat-pour-OT-Trieves-16-rotated.jpg\" title=\"Activit\u00e9s nautiques lac de Monteynard Avignonet cr\u00e9dit photo Sarah Desprat pour OT Tri\u00e8ves (16)\" alt=\"\"><\/div> <div  class=\"bottom-media\"> <img decoding=\"async\"  class=\"shadow-large\" data-size=\"350x250\" src=\"https:\/\/adonf.net\/legite\/wp-content\/uploads\/sites\/4\/2021\/09\/119006306_649440942365155_2498997911779040437_n-1.jpg\" title=\"119006306_649440942365155_2498997911779040437_n\" alt=\"\"><\/div> <div  class=\"left-media\"> <img decoding=\"async\"  class=\"shadow-large\" data-size=\"350x400\" src=\"https:\/\/adonf.net\/legite\/wp-content\/uploads\/sites\/4\/2021\/09\/cropped-o-zanardi-passerelle-de-lebron_25898914174_o.jpg\" title=\"cropped-o-zanardi-passerelle-de-lebron_25898914174_o.jpg\" alt=\"\"> <div  class=\"offset-double-border-overlay\"> <div  class=\"border-1 shadow-small\"><\/div> <div  class=\"border-2\"><\/div><\/div> <\/div><\/div> <\/div><\/div> <\/div>","protected":false},"excerpt":{"rendered":"<p>Th\u00e9matiques possibles de votre s\u00e9jour RANDONN\u00c9E ET \u00c9QUITATION Randonn\u00e9e avec de multiples sentiers de grandes et petites randonn\u00e9es (GR\u00ae et PR\u00ae). \u00c9quitation : ferme \u00e9questre \u00e0 300m. SKI DE FOND&nbsp; Situ\u00e9es \u00e0 proximit\u00e9 de massifs montagneux, \u00e0 moins de 15 km des foyers de fond SPORTS DE SENSATION Sites de parapente, d\u2019escalade, de plong\u00e9e, de&hellip; <br \/> <a class=\"read-more\" href=\"https:\/\/adonf.net\/legite\/les-alentours\/\">Lire la suite<\/a><\/p>\n","protected":false},"author":1,"featured_media":0,"parent":0,"menu_order":0,"comment_status":"closed","ping_status":"closed","template":"pro\/page-templates\/full-width-page.php","meta":{"footnotes":""},"class_list":["post-251","page","type-page","status-publish","hentry"],"yoast_head":"<!-- This site is optimized with the Yoast SEO plugin v26.3 - https:\/\/yoast.com\/wordpress\/plugins\/seo\/ -->\n<title>Les alentours - G\u00eete La Cabane du Bonheur<\/title>\n<meta name=\"robots\" content=\"index, follow, max-snippet:-1, max-image-preview:large, max-video-preview:-1\" \/>\n<link rel=\"canonical\" href=\"https:\/\/adonf.net\/legite\/les-alentours\/\" \/>\n<meta property=\"og:locale\" content=\"fr_FR\" \/>\n<meta property=\"og:type\" content=\"article\" \/>\n<meta property=\"og:title\" content=\"Les alentours - G\u00eete La Cabane du Bonheur\" \/>\n<meta property=\"og:description\" content=\"Th\u00e9matiques possibles de votre s\u00e9jour RANDONN\u00c9E ET \u00c9QUITATION Randonn\u00e9e avec de multiples sentiers de grandes et petites randonn\u00e9es (GR\u00ae et PR\u00ae). \u00c9quitation : ferme \u00e9questre \u00e0 300m. SKI DE FOND&nbsp; Situ\u00e9es \u00e0 proximit\u00e9 de massifs montagneux, \u00e0 moins de 15 km des foyers de fond SPORTS DE SENSATION Sites de parapente, d\u2019escalade, de plong\u00e9e, de&hellip; Lire la suite\" \/>\n<meta property=\"og:url\" content=\"https:\/\/adonf.net\/legite\/les-alentours\/\" \/>\n<meta property=\"og:site_name\" content=\"G\u00eete La Cabane du Bonheur\" \/>\n<meta property=\"article:modified_time\" content=\"2022-03-26T09:47:43+00:00\" \/>\n<meta name=\"twitter:card\" content=\"summary_large_image\" \/>\n<meta name=\"twitter:label1\" content=\"Dur\u00e9e de lecture estim\u00e9e\" \/>\n\t<meta name=\"twitter:data1\" content=\"1 minute\" \/>\n<script type=\"application\/ld+json\" class=\"yoast-schema-graph\">{\"@context\":\"https:\/\/schema.org\",\"@graph\":[{\"@type\":\"WebPage\",\"@id\":\"https:\/\/adonf.net\/legite\/les-alentours\/\",\"url\":\"https:\/\/adonf.net\/legite\/les-alentours\/\",\"name\":\"Les alentours - G\u00eete La Cabane du Bonheur\",\"isPartOf\":{\"@id\":\"https:\/\/adonf.net\/legite\/#website\"},\"primaryImageOfPage\":{\"@id\":\"https:\/\/adonf.net\/legite\/les-alentours\/#primaryimage\"},\"image\":{\"@id\":\"https:\/\/adonf.net\/legite\/les-alentours\/#primaryimage\"},\"thumbnailUrl\":\"https:\/\/adonf.net\/legite\/wp-content\/uploads\/sites\/4\/2021\/09\/Activites-nautiques-lac-de-Monteynard-Avignonet-credit-photo-Sarah-Desprat-pour-OT-Trieves-16-rotated.jpg\",\"datePublished\":\"2021-06-25T10:55:23+00:00\",\"dateModified\":\"2022-03-26T09:47:43+00:00\",\"breadcrumb\":{\"@id\":\"https:\/\/adonf.net\/legite\/les-alentours\/#breadcrumb\"},\"inLanguage\":\"fr-FR\",\"potentialAction\":[{\"@type\":\"ReadAction\",\"target\":[\"https:\/\/adonf.net\/legite\/les-alentours\/\"]}]},{\"@type\":\"ImageObject\",\"inLanguage\":\"fr-FR\",\"@id\":\"https:\/\/adonf.net\/legite\/les-alentours\/#primaryimage\",\"url\":\"https:\/\/adonf.net\/legite\/wp-content\/uploads\/sites\/4\/2021\/09\/Activites-nautiques-lac-de-Monteynard-Avignonet-credit-photo-Sarah-Desprat-pour-OT-Trieves-16-rotated.jpg\",\"contentUrl\":\"https:\/\/adonf.net\/legite\/wp-content\/uploads\/sites\/4\/2021\/09\/Activites-nautiques-lac-de-Monteynard-Avignonet-credit-photo-Sarah-Desprat-pour-OT-Trieves-16-rotated.jpg\",\"width\":768,\"height\":1024},{\"@type\":\"BreadcrumbList\",\"@id\":\"https:\/\/adonf.net\/legite\/les-alentours\/#breadcrumb\",\"itemListElement\":[{\"@type\":\"ListItem\",\"position\":1,\"name\":\"Accueil\",\"item\":\"https:\/\/adonf.net\/legite\/\"},{\"@type\":\"ListItem\",\"position\":2,\"name\":\"Les alentours\"}]},{\"@type\":\"WebSite\",\"@id\":\"https:\/\/adonf.net\/legite\/#website\",\"url\":\"https:\/\/adonf.net\/legite\/\",\"name\":\"G\u00eete La Cabane du Bonheur\",\"description\":\"\",\"potentialAction\":[{\"@type\":\"SearchAction\",\"target\":{\"@type\":\"EntryPoint\",\"urlTemplate\":\"https:\/\/adonf.net\/legite\/?s={search_term_string}\"},\"query-input\":{\"@type\":\"PropertyValueSpecification\",\"valueRequired\":true,\"valueName\":\"search_term_string\"}}],\"inLanguage\":\"fr-FR\"}]}<\/script>\n<!-- \/ Yoast SEO plugin. -->","yoast_head_json":{"title":"Les alentours - G\u00eete La Cabane du Bonheur","robots":{"index":"index","follow":"follow","max-snippet":"max-snippet:-1","max-image-preview":"max-image-preview:large","max-video-preview":"max-video-preview:-1"},"canonical":"https:\/\/adonf.net\/legite\/les-alentours\/","og_locale":"fr_FR","og_type":"article","og_title":"Les alentours - G\u00eete La Cabane du Bonheur","og_description":"Th\u00e9matiques possibles de votre s\u00e9jour RANDONN\u00c9E ET \u00c9QUITATION Randonn\u00e9e avec de multiples sentiers de grandes et petites randonn\u00e9es (GR\u00ae et PR\u00ae). \u00c9quitation : ferme \u00e9questre \u00e0 300m. SKI DE FOND&nbsp; Situ\u00e9es \u00e0 proximit\u00e9 de massifs montagneux, \u00e0 moins de 15 km des foyers de fond SPORTS DE SENSATION Sites de parapente, d\u2019escalade, de plong\u00e9e, de&hellip; Lire la suite","og_url":"https:\/\/adonf.net\/legite\/les-alentours\/","og_site_name":"G\u00eete La Cabane du Bonheur","article_modified_time":"2022-03-26T09:47:43+00:00","twitter_card":"summary_large_image","twitter_misc":{"Dur\u00e9e de lecture estim\u00e9e":"1 minute"},"schema":{"@context":"https:\/\/schema.org","@graph":[{"@type":"WebPage","@id":"https:\/\/adonf.net\/legite\/les-alentours\/","url":"https:\/\/adonf.net\/legite\/les-alentours\/","name":"Les alentours - G\u00eete La Cabane du Bonheur","isPartOf":{"@id":"https:\/\/adonf.net\/legite\/#website"},"primaryImageOfPage":{"@id":"https:\/\/adonf.net\/legite\/les-alentours\/#primaryimage"},"image":{"@id":"https:\/\/adonf.net\/legite\/les-alentours\/#primaryimage"},"thumbnailUrl":"https:\/\/adonf.net\/legite\/wp-content\/uploads\/sites\/4\/2021\/09\/Activites-nautiques-lac-de-Monteynard-Avignonet-credit-photo-Sarah-Desprat-pour-OT-Trieves-16-rotated.jpg","datePublished":"2021-06-25T10:55:23+00:00","dateModified":"2022-03-26T09:47:43+00:00","breadcrumb":{"@id":"https:\/\/adonf.net\/legite\/les-alentours\/#breadcrumb"},"inLanguage":"fr-FR","potentialAction":[{"@type":"ReadAction","target":["https:\/\/adonf.net\/legite\/les-alentours\/"]}]},{"@type":"ImageObject","inLanguage":"fr-FR","@id":"https:\/\/adonf.net\/legite\/les-alentours\/#primaryimage","url":"https:\/\/adonf.net\/legite\/wp-content\/uploads\/sites\/4\/2021\/09\/Activites-nautiques-lac-de-Monteynard-Avignonet-credit-photo-Sarah-Desprat-pour-OT-Trieves-16-rotated.jpg","contentUrl":"https:\/\/adonf.net\/legite\/wp-content\/uploads\/sites\/4\/2021\/09\/Activites-nautiques-lac-de-Monteynard-Avignonet-credit-photo-Sarah-Desprat-pour-OT-Trieves-16-rotated.jpg","width":768,"height":1024},{"@type":"BreadcrumbList","@id":"https:\/\/adonf.net\/legite\/les-alentours\/#breadcrumb","itemListElement":[{"@type":"ListItem","position":1,"name":"Accueil","item":"https:\/\/adonf.net\/legite\/"},{"@type":"ListItem","position":2,"name":"Les alentours"}]},{"@type":"WebSite","@id":"https:\/\/adonf.net\/legite\/#website","url":"https:\/\/adonf.net\/legite\/","name":"G\u00eete La Cabane du Bonheur","description":"","potentialAction":[{"@type":"SearchAction","target":{"@type":"EntryPoint","urlTemplate":"https:\/\/adonf.net\/legite\/?s={search_term_string}"},"query-input":{"@type":"PropertyValueSpecification","valueRequired":true,"valueName":"search_term_string"}}],"inLanguage":"fr-FR"}]}},"_links":{"self":[{"href":"https:\/\/adonf.net\/legite\/wp-json\/wp\/v2\/pages\/251","targetHints":{"allow":["GET"]}}],"collection":[{"href":"https:\/\/adonf.net\/legite\/wp-json\/wp\/v2\/pages"}],"about":[{"href":"https:\/\/adonf.net\/legite\/wp-json\/wp\/v2\/types\/page"}],"author":[{"embeddable":true,"href":"https:\/\/adonf.net\/legite\/wp-json\/wp\/v2\/users\/1"}],"replies":[{"embeddable":true,"href":"https:\/\/adonf.net\/legite\/wp-json\/wp\/v2\/comments?post=251"}],"version-history":[{"count":6,"href":"https:\/\/adonf.net\/legite\/wp-json\/wp\/v2\/pages\/251\/revisions"}],"predecessor-version":[{"id":481,"href":"https:\/\/adonf.net\/legite\/wp-json\/wp\/v2\/pages\/251\/revisions\/481"}],"wp:attachment":[{"href":"https:\/\/adonf.net\/legite\/wp-json\/wp\/v2\/media?parent=251"}],"curies":[{"name":"wp","href":"https:\/\/api.w.org\/{rel}","templated":true}]}}