{"id":249,"date":"2021-06-25T12:55:10","date_gmt":"2021-06-25T10:55:10","guid":{"rendered":"https:\/\/adonf.net\/legite\/?page_id=249"},"modified":"2022-02-21T14:38:32","modified_gmt":"2022-02-21T13:38:32","slug":"photos-exterieur","status":"publish","type":"page","link":"https:\/\/adonf.net\/legite\/photos-exterieur\/","title":{"rendered":"Photos de l&rsquo;ext\u00e9rieur"},"content":{"rendered":"<div data-label=\"Gallery\" data-id=\"gallery--1\" data-export-id=\"gallery-1\" data-category=\"gallery\" class=\"gallery-1 content-section content-section-spacing\" id=\"gallery-1\"  style=\"background-color: rgb(255, 255, 255);\"><div class=\"gridContainer\" > <div class=\"row\" ><div class=\"section-title-col\" data-type=\"column\" > <h2 class=\"\" >Galerie de photos<\/h2> <p class=\"lead\" >D\u00e9couvrez l&rsquo;ext\u00e9rieur de notre g\u00eete La Cabane du Bonheur.<\/p><\/div> <\/div> <div class=\"row text-center\" > <div class=\"col-xs-12\" data-editable=\"true\" data-content-shortcode=\"mesmerize_gallery id=&quot;mesmerize-gallery-1&quot; columns=&quot;2&quot; ids=&quot;15,17,21,22&quot; lb=&quot;1&quot; masonry=&quot;1&quot; size=&quot;large&quot; link=&quot;file&quot; \" ><div id='mesmerize-gallery-1' class='gallery-wrapper'><style type=\"text\/css\">\n                    @media only screen and (min-width: 768px) {\n                    [data-unique-id='mesmerize-gallery-1-69e04820b6cb3'] dl {\n                        float: left;\n                        width: 50% !important;\n                        max-width:  50% !important;\n                        min-width:  50% !important;\n                    }\n\n                    [data-unique-id='mesmerize-gallery-1-69e04820b6cb3'] dl:nth-of-type(2n +1 ) {\n                      clear: both;\n                      }\n                    }\n                <\/style><div id='mesmerize-gallery-1' class='mesmerize-gallery-1-dls-wrapper gallery-items-wrapper materialis-gallery' data-unique-id='mesmerize-gallery-1-69e04820b6cb3'><dl class='gallery-item'>\n\t\t\t<dt class='gallery-icon landscape'>\n\t\t\t\t<a data-fancybox=\"mesmerize-gallery-1-group\" href='https:\/\/adonf.net\/legite\/wp-content\/uploads\/sites\/4\/2018\/11\/gite_entier_sud.jpg'><img loading=\"lazy\" decoding=\"async\"  width=\"690\" height=\"440\" src=\"https:\/\/adonf.net\/legite\/wp-content\/uploads\/sites\/4\/2018\/11\/gite_entier_sud.jpg\"  class='mesmerize-gallery-1-image' alt=\"gite_entier_sud\" aria-describedby=\"gallery-1-15\" srcset=\"https:\/\/adonf.net\/legite\/wp-content\/uploads\/sites\/4\/2018\/11\/gite_entier_sud.jpg 690w, https:\/\/adonf.net\/legite\/wp-content\/uploads\/sites\/4\/2018\/11\/gite_entier_sud-300x191.jpg 300w\" sizes=\"auto, (max-width: 690px) 100vw, 690px\" \/><\/a>\n\t\t\t<\/dt>\n\t\t\t\t<dd class='wp-caption-text gallery-caption' id='gallery-1-15'>\n\t\t\t\tGite\n\t\t\t\t<\/dd><\/dl><dl class='gallery-item'>\n\t\t\t<dt class='gallery-icon landscape'>\n\t\t\t\t<a data-fancybox=\"mesmerize-gallery-1-group\" href='https:\/\/adonf.net\/legite\/wp-content\/uploads\/sites\/4\/2018\/11\/gite_terrasse.jpg'><img loading=\"lazy\" decoding=\"async\"  width=\"690\" height=\"440\" src=\"https:\/\/adonf.net\/legite\/wp-content\/uploads\/sites\/4\/2018\/11\/gite_terrasse.jpg\"  class='mesmerize-gallery-1-image' alt=\"\" aria-describedby=\"gallery-1-17\" srcset=\"https:\/\/adonf.net\/legite\/wp-content\/uploads\/sites\/4\/2018\/11\/gite_terrasse.jpg 690w, https:\/\/adonf.net\/legite\/wp-content\/uploads\/sites\/4\/2018\/11\/gite_terrasse-300x191.jpg 300w\" sizes=\"auto, (max-width: 690px) 100vw, 690px\" \/><\/a>\n\t\t\t<\/dt>\n\t\t\t\t<dd class='wp-caption-text gallery-caption' id='gallery-1-17'>\n\t\t\t\tTerrasse\n\t\t\t\t<\/dd><\/dl><dl class='gallery-item'>\n\t\t\t<dt class='gallery-icon landscape'>\n\t\t\t\t<a data-fancybox=\"mesmerize-gallery-1-group\" href='https:\/\/adonf.net\/legite\/wp-content\/uploads\/sites\/4\/2018\/11\/cropped-gite_entier_nord.jpg'><img loading=\"lazy\" decoding=\"async\"  width=\"542\" height=\"360\" src=\"https:\/\/adonf.net\/legite\/wp-content\/uploads\/sites\/4\/2018\/11\/cropped-gite_entier_nord.jpg\"  class='mesmerize-gallery-1-image' alt=\"\" aria-describedby=\"gallery-1-21\" srcset=\"https:\/\/adonf.net\/legite\/wp-content\/uploads\/sites\/4\/2018\/11\/cropped-gite_entier_nord.jpg 542w, https:\/\/adonf.net\/legite\/wp-content\/uploads\/sites\/4\/2018\/11\/cropped-gite_entier_nord-300x199.jpg 300w\" sizes=\"auto, (max-width: 542px) 100vw, 542px\" \/><\/a>\n\t\t\t<\/dt>\n\t\t\t\t<dd class='wp-caption-text gallery-caption' id='gallery-1-21'>\n\t\t\t\tC\u00f4t\u00e9\n\t\t\t\t<\/dd><\/dl><dl class='gallery-item'>\n\t\t\t<dt class='gallery-icon landscape'>\n\t\t\t\t<a data-fancybox=\"mesmerize-gallery-1-group\" href='https:\/\/adonf.net\/legite\/wp-content\/uploads\/sites\/4\/2018\/11\/cropped-gite_entier_est.jpg'><img loading=\"lazy\" decoding=\"async\"  width=\"542\" height=\"360\" src=\"https:\/\/adonf.net\/legite\/wp-content\/uploads\/sites\/4\/2018\/11\/cropped-gite_entier_est.jpg\"  class='mesmerize-gallery-1-image' alt=\"\" aria-describedby=\"gallery-1-22\" srcset=\"https:\/\/adonf.net\/legite\/wp-content\/uploads\/sites\/4\/2018\/11\/cropped-gite_entier_est.jpg 542w, https:\/\/adonf.net\/legite\/wp-content\/uploads\/sites\/4\/2018\/11\/cropped-gite_entier_est-300x199.jpg 300w\" sizes=\"auto, (max-width: 542px) 100vw, 542px\" \/><\/a>\n\t\t\t<\/dt>\n\t\t\t\t<dd class='wp-caption-text gallery-caption' id='gallery-1-22'>\n\t\t\t\tFa\u00e7ade\n\t\t\t\t<\/dd><\/dl>\n\t\t<\/div>\n<script>(function($){window.MaterialisCaptionsGallery && window.MaterialisCaptionsGallery($('[data-unique-id=\"mesmerize-gallery-1-69e04820b6cb3\"]'))})(jQuery)<\/script><\/div><\/div><\/div> <\/div><\/div>","protected":false},"excerpt":{"rendered":"<p>Galerie de photos D\u00e9couvrez l&rsquo;ext\u00e9rieur de notre g\u00eete La Cabane du Bonheur.<\/p>\n","protected":false},"author":1,"featured_media":0,"parent":0,"menu_order":0,"comment_status":"closed","ping_status":"closed","template":"pro\/page-templates\/full-width-page.php","meta":{"footnotes":""},"class_list":["post-249","page","type-page","status-publish","hentry"],"yoast_head":"<!-- This site is optimized with the Yoast SEO plugin v26.3 - https:\/\/yoast.com\/wordpress\/plugins\/seo\/ -->\n<title>Photos de l&#039;ext\u00e9rieur - G\u00eete La Cabane du Bonheur<\/title>\n<meta name=\"robots\" content=\"index, follow, max-snippet:-1, max-image-preview:large, max-video-preview:-1\" \/>\n<link rel=\"canonical\" href=\"https:\/\/adonf.net\/legite\/photos-exterieur\/\" \/>\n<meta property=\"og:locale\" content=\"fr_FR\" \/>\n<meta property=\"og:type\" content=\"article\" \/>\n<meta property=\"og:title\" content=\"Photos de l&#039;ext\u00e9rieur - G\u00eete La Cabane du Bonheur\" \/>\n<meta property=\"og:description\" content=\"Galerie de photos D\u00e9couvrez l&rsquo;ext\u00e9rieur de notre g\u00eete La Cabane du Bonheur.\" \/>\n<meta property=\"og:url\" content=\"https:\/\/adonf.net\/legite\/photos-exterieur\/\" \/>\n<meta property=\"og:site_name\" content=\"G\u00eete La Cabane du Bonheur\" \/>\n<meta property=\"article:modified_time\" content=\"2022-02-21T13:38:32+00:00\" \/>\n<meta name=\"twitter:card\" content=\"summary_large_image\" \/>\n<script type=\"application\/ld+json\" class=\"yoast-schema-graph\">{\"@context\":\"https:\/\/schema.org\",\"@graph\":[{\"@type\":\"WebPage\",\"@id\":\"https:\/\/adonf.net\/legite\/photos-exterieur\/\",\"url\":\"https:\/\/adonf.net\/legite\/photos-exterieur\/\",\"name\":\"Photos de l'ext\u00e9rieur - G\u00eete La Cabane du Bonheur\",\"isPartOf\":{\"@id\":\"https:\/\/adonf.net\/legite\/#website\"},\"datePublished\":\"2021-06-25T10:55:10+00:00\",\"dateModified\":\"2022-02-21T13:38:32+00:00\",\"breadcrumb\":{\"@id\":\"https:\/\/adonf.net\/legite\/photos-exterieur\/#breadcrumb\"},\"inLanguage\":\"fr-FR\",\"potentialAction\":[{\"@type\":\"ReadAction\",\"target\":[\"https:\/\/adonf.net\/legite\/photos-exterieur\/\"]}]},{\"@type\":\"BreadcrumbList\",\"@id\":\"https:\/\/adonf.net\/legite\/photos-exterieur\/#breadcrumb\",\"itemListElement\":[{\"@type\":\"ListItem\",\"position\":1,\"name\":\"Accueil\",\"item\":\"https:\/\/adonf.net\/legite\/\"},{\"@type\":\"ListItem\",\"position\":2,\"name\":\"Photos ext\u00e9rieur\"}]},{\"@type\":\"WebSite\",\"@id\":\"https:\/\/adonf.net\/legite\/#website\",\"url\":\"https:\/\/adonf.net\/legite\/\",\"name\":\"G\u00eete La Cabane du Bonheur\",\"description\":\"\",\"potentialAction\":[{\"@type\":\"SearchAction\",\"target\":{\"@type\":\"EntryPoint\",\"urlTemplate\":\"https:\/\/adonf.net\/legite\/?s={search_term_string}\"},\"query-input\":{\"@type\":\"PropertyValueSpecification\",\"valueRequired\":true,\"valueName\":\"search_term_string\"}}],\"inLanguage\":\"fr-FR\"}]}<\/script>\n<!-- \/ Yoast SEO plugin. -->","yoast_head_json":{"title":"Photos de l'ext\u00e9rieur - G\u00eete La Cabane du Bonheur","robots":{"index":"index","follow":"follow","max-snippet":"max-snippet:-1","max-image-preview":"max-image-preview:large","max-video-preview":"max-video-preview:-1"},"canonical":"https:\/\/adonf.net\/legite\/photos-exterieur\/","og_locale":"fr_FR","og_type":"article","og_title":"Photos de l'ext\u00e9rieur - G\u00eete La Cabane du Bonheur","og_description":"Galerie de photos D\u00e9couvrez l&rsquo;ext\u00e9rieur de notre g\u00eete La Cabane du Bonheur.","og_url":"https:\/\/adonf.net\/legite\/photos-exterieur\/","og_site_name":"G\u00eete La Cabane du Bonheur","article_modified_time":"2022-02-21T13:38:32+00:00","twitter_card":"summary_large_image","schema":{"@context":"https:\/\/schema.org","@graph":[{"@type":"WebPage","@id":"https:\/\/adonf.net\/legite\/photos-exterieur\/","url":"https:\/\/adonf.net\/legite\/photos-exterieur\/","name":"Photos de l'ext\u00e9rieur - G\u00eete La Cabane du Bonheur","isPartOf":{"@id":"https:\/\/adonf.net\/legite\/#website"},"datePublished":"2021-06-25T10:55:10+00:00","dateModified":"2022-02-21T13:38:32+00:00","breadcrumb":{"@id":"https:\/\/adonf.net\/legite\/photos-exterieur\/#breadcrumb"},"inLanguage":"fr-FR","potentialAction":[{"@type":"ReadAction","target":["https:\/\/adonf.net\/legite\/photos-exterieur\/"]}]},{"@type":"BreadcrumbList","@id":"https:\/\/adonf.net\/legite\/photos-exterieur\/#breadcrumb","itemListElement":[{"@type":"ListItem","position":1,"name":"Accueil","item":"https:\/\/adonf.net\/legite\/"},{"@type":"ListItem","position":2,"name":"Photos ext\u00e9rieur"}]},{"@type":"WebSite","@id":"https:\/\/adonf.net\/legite\/#website","url":"https:\/\/adonf.net\/legite\/","name":"G\u00eete La Cabane du Bonheur","description":"","potentialAction":[{"@type":"SearchAction","target":{"@type":"EntryPoint","urlTemplate":"https:\/\/adonf.net\/legite\/?s={search_term_string}"},"query-input":{"@type":"PropertyValueSpecification","valueRequired":true,"valueName":"search_term_string"}}],"inLanguage":"fr-FR"}]}},"_links":{"self":[{"href":"https:\/\/adonf.net\/legite\/wp-json\/wp\/v2\/pages\/249","targetHints":{"allow":["GET"]}}],"collection":[{"href":"https:\/\/adonf.net\/legite\/wp-json\/wp\/v2\/pages"}],"about":[{"href":"https:\/\/adonf.net\/legite\/wp-json\/wp\/v2\/types\/page"}],"author":[{"embeddable":true,"href":"https:\/\/adonf.net\/legite\/wp-json\/wp\/v2\/users\/1"}],"replies":[{"embeddable":true,"href":"https:\/\/adonf.net\/legite\/wp-json\/wp\/v2\/comments?post=249"}],"version-history":[{"count":3,"href":"https:\/\/adonf.net\/legite\/wp-json\/wp\/v2\/pages\/249\/revisions"}],"predecessor-version":[{"id":430,"href":"https:\/\/adonf.net\/legite\/wp-json\/wp\/v2\/pages\/249\/revisions\/430"}],"wp:attachment":[{"href":"https:\/\/adonf.net\/legite\/wp-json\/wp\/v2\/media?parent=249"}],"curies":[{"name":"wp","href":"https:\/\/api.w.org\/{rel}","templated":true}]}}