{"id":247,"date":"2021-06-25T12:54:52","date_gmt":"2021-06-25T10:54:52","guid":{"rendered":"https:\/\/adonf.net\/legite\/?page_id=247"},"modified":"2022-02-21T14:33:09","modified_gmt":"2022-02-21T13:33:09","slug":"photos-interieur","status":"publish","type":"page","link":"https:\/\/adonf.net\/legite\/photos-interieur\/","title":{"rendered":"Photos de l&rsquo;int\u00e9rieur"},"content":{"rendered":"<div data-label=\"Gallery\" data-id=\"gallery--1\" data-export-id=\"gallery-1\" data-category=\"gallery\" class=\"gallery-1 content-section content-section-spacing\" id=\"gallery-1\"  style=\"background-color: rgb(255, 255, 255);\"><div class=\"gridContainer\" > <div class=\"row\" ><div class=\"section-title-col\" data-type=\"column\" > <h2 class=\"\" >Galerie de photos<\/h2> <p class=\"lead\" >D\u00e9couvrez l&rsquo;int\u00e9rieur de notre g\u00eete La Cabane du Bonheur.<\/p><\/div> <\/div> <div class=\"row text-center\" > <div class=\"col-xs-12\" data-editable=\"true\" data-content-shortcode=\"mesmerize_gallery id=&quot;mesmerize-gallery-1&quot; columns=&quot;4&quot; ids=&quot;373,368,370,371,366,364,362,360,367,363,393,16,369&quot; lb=&quot;1&quot; masonry=&quot;1&quot; size=&quot;medium&quot; link=&quot;file&quot; \" ><div id='mesmerize-gallery-1' class='gallery-wrapper'><style type=\"text\/css\">\n                    @media only screen and (min-width: 768px) {\n                    [data-unique-id='mesmerize-gallery-1-69e02b03f2713'] dl {\n                        float: left;\n                        width: 25% !important;\n                        max-width:  25% !important;\n                        min-width:  25% !important;\n                    }\n\n                    [data-unique-id='mesmerize-gallery-1-69e02b03f2713'] dl:nth-of-type(4n +1 ) {\n                      clear: both;\n                      }\n                    }\n                <\/style><div id='mesmerize-gallery-1' class='mesmerize-gallery-1-dls-wrapper gallery-items-wrapper materialis-gallery' data-unique-id='mesmerize-gallery-1-69e02b03f2713'><dl class='gallery-item'>\n\t\t\t<dt class='gallery-icon portrait'>\n\t\t\t\t<a data-fancybox=\"mesmerize-gallery-1-group\" href='https:\/\/adonf.net\/legite\/wp-content\/uploads\/sites\/4\/2021\/09\/15_Salle-de-bains-2-lavabos.jpg'><img loading=\"lazy\" decoding=\"async\"  width=\"199\" height=\"300\" src=\"https:\/\/adonf.net\/legite\/wp-content\/uploads\/sites\/4\/2021\/09\/15_Salle-de-bains-2-lavabos-199x300.jpg\"  class='mesmerize-gallery-1-image' alt=\"\" aria-describedby=\"gallery-1-373\" srcset=\"https:\/\/adonf.net\/legite\/wp-content\/uploads\/sites\/4\/2021\/09\/15_Salle-de-bains-2-lavabos-199x300.jpg 199w, https:\/\/adonf.net\/legite\/wp-content\/uploads\/sites\/4\/2021\/09\/15_Salle-de-bains-2-lavabos.jpg 510w\" sizes=\"auto, (max-width: 199px) 100vw, 199px\" \/><\/a>\n\t\t\t<\/dt>\n\t\t\t\t<dd class='wp-caption-text gallery-caption' id='gallery-1-373'>\n\t\t\t\tSalle de bain\n\t\t\t\t<\/dd><\/dl><dl class='gallery-item'>\n\t\t\t<dt class='gallery-icon portrait'>\n\t\t\t\t<a data-fancybox=\"mesmerize-gallery-1-group\" href='https:\/\/adonf.net\/legite\/wp-content\/uploads\/sites\/4\/2021\/09\/10_Chambre-2-avec-lit-double-alcove-sous-toit.jpg'><img loading=\"lazy\" decoding=\"async\"  width=\"199\" height=\"300\" src=\"https:\/\/adonf.net\/legite\/wp-content\/uploads\/sites\/4\/2021\/09\/10_Chambre-2-avec-lit-double-alcove-sous-toit-199x300.jpg\"  class='mesmerize-gallery-1-image' alt=\"\" aria-describedby=\"gallery-1-368\" srcset=\"https:\/\/adonf.net\/legite\/wp-content\/uploads\/sites\/4\/2021\/09\/10_Chambre-2-avec-lit-double-alcove-sous-toit-199x300.jpg 199w, https:\/\/adonf.net\/legite\/wp-content\/uploads\/sites\/4\/2021\/09\/10_Chambre-2-avec-lit-double-alcove-sous-toit.jpg 510w\" sizes=\"auto, (max-width: 199px) 100vw, 199px\" \/><\/a>\n\t\t\t<\/dt>\n\t\t\t\t<dd class='wp-caption-text gallery-caption' id='gallery-1-368'>\n\t\t\t\tChambre 3\n\t\t\t\t<\/dd><\/dl><dl class='gallery-item'>\n\t\t\t<dt class='gallery-icon portrait'>\n\t\t\t\t<a data-fancybox=\"mesmerize-gallery-1-group\" href='https:\/\/adonf.net\/legite\/wp-content\/uploads\/sites\/4\/2021\/09\/12_Chambre-3-en-configuration-lit-double.jpg'><img loading=\"lazy\" decoding=\"async\"  width=\"199\" height=\"300\" src=\"https:\/\/adonf.net\/legite\/wp-content\/uploads\/sites\/4\/2021\/09\/12_Chambre-3-en-configuration-lit-double-199x300.jpg\"  class='mesmerize-gallery-1-image' alt=\"\" aria-describedby=\"gallery-1-370\" srcset=\"https:\/\/adonf.net\/legite\/wp-content\/uploads\/sites\/4\/2021\/09\/12_Chambre-3-en-configuration-lit-double-199x300.jpg 199w, https:\/\/adonf.net\/legite\/wp-content\/uploads\/sites\/4\/2021\/09\/12_Chambre-3-en-configuration-lit-double.jpg 510w\" sizes=\"auto, (max-width: 199px) 100vw, 199px\" \/><\/a>\n\t\t\t<\/dt>\n\t\t\t\t<dd class='wp-caption-text gallery-caption' id='gallery-1-370'>\n\t\t\t\tChambre 2\n\t\t\t\t<\/dd><\/dl><dl class='gallery-item'>\n\t\t\t<dt class='gallery-icon portrait'>\n\t\t\t\t<a data-fancybox=\"mesmerize-gallery-1-group\" href='https:\/\/adonf.net\/legite\/wp-content\/uploads\/sites\/4\/2021\/09\/13_Chambre-3-en-configuration-2-lits-simples.jpg'><img loading=\"lazy\" decoding=\"async\"  width=\"199\" height=\"300\" src=\"https:\/\/adonf.net\/legite\/wp-content\/uploads\/sites\/4\/2021\/09\/13_Chambre-3-en-configuration-2-lits-simples-199x300.jpg\"  class='mesmerize-gallery-1-image' alt=\"\" aria-describedby=\"gallery-1-371\" srcset=\"https:\/\/adonf.net\/legite\/wp-content\/uploads\/sites\/4\/2021\/09\/13_Chambre-3-en-configuration-2-lits-simples-199x300.jpg 199w, https:\/\/adonf.net\/legite\/wp-content\/uploads\/sites\/4\/2021\/09\/13_Chambre-3-en-configuration-2-lits-simples.jpg 510w\" sizes=\"auto, (max-width: 199px) 100vw, 199px\" \/><\/a>\n\t\t\t<\/dt>\n\t\t\t\t<dd class='wp-caption-text gallery-caption' id='gallery-1-371'>\n\t\t\t\tChambre 2\n\t\t\t\t<\/dd><\/dl><dl class='gallery-item'>\n\t\t\t<dt class='gallery-icon landscape'>\n\t\t\t\t<a data-fancybox=\"mesmerize-gallery-1-group\" href='https:\/\/adonf.net\/legite\/wp-content\/uploads\/sites\/4\/2021\/09\/08_Chambre-1-avec-lit-double.jpg'><img loading=\"lazy\" decoding=\"async\"  width=\"300\" height=\"199\" src=\"https:\/\/adonf.net\/legite\/wp-content\/uploads\/sites\/4\/2021\/09\/08_Chambre-1-avec-lit-double-300x199.jpg\"  class='mesmerize-gallery-1-image' alt=\"\" aria-describedby=\"gallery-1-366\" srcset=\"https:\/\/adonf.net\/legite\/wp-content\/uploads\/sites\/4\/2021\/09\/08_Chambre-1-avec-lit-double-300x199.jpg 300w, https:\/\/adonf.net\/legite\/wp-content\/uploads\/sites\/4\/2021\/09\/08_Chambre-1-avec-lit-double-768x510.jpg 768w, https:\/\/adonf.net\/legite\/wp-content\/uploads\/sites\/4\/2021\/09\/08_Chambre-1-avec-lit-double.jpg 1024w\" sizes=\"auto, (max-width: 300px) 100vw, 300px\" \/><\/a>\n\t\t\t<\/dt>\n\t\t\t\t<dd class='wp-caption-text gallery-caption' id='gallery-1-366'>\n\t\t\t\tChambre 1\n\t\t\t\t<\/dd><\/dl><dl class='gallery-item'>\n\t\t\t<dt class='gallery-icon portrait'>\n\t\t\t\t<a data-fancybox=\"mesmerize-gallery-1-group\" href='https:\/\/adonf.net\/legite\/wp-content\/uploads\/sites\/4\/2021\/09\/05_Salle-a-manger.jpg'><img loading=\"lazy\" decoding=\"async\"  width=\"199\" height=\"300\" src=\"https:\/\/adonf.net\/legite\/wp-content\/uploads\/sites\/4\/2021\/09\/05_Salle-a-manger-199x300.jpg\"  class='mesmerize-gallery-1-image' alt=\"\" aria-describedby=\"gallery-1-364\" srcset=\"https:\/\/adonf.net\/legite\/wp-content\/uploads\/sites\/4\/2021\/09\/05_Salle-a-manger-199x300.jpg 199w, https:\/\/adonf.net\/legite\/wp-content\/uploads\/sites\/4\/2021\/09\/05_Salle-a-manger.jpg 510w\" sizes=\"auto, (max-width: 199px) 100vw, 199px\" \/><\/a>\n\t\t\t<\/dt>\n\t\t\t\t<dd class='wp-caption-text gallery-caption' id='gallery-1-364'>\n\t\t\t\tSalle \u00e0 manger conviviale\n\t\t\t\t<\/dd><\/dl><dl class='gallery-item'>\n\t\t\t<dt class='gallery-icon portrait'>\n\t\t\t\t<a data-fancybox=\"mesmerize-gallery-1-group\" href='https:\/\/adonf.net\/legite\/wp-content\/uploads\/sites\/4\/2021\/09\/03_Degustation-au-bar.jpg'><img loading=\"lazy\" decoding=\"async\"  width=\"199\" height=\"300\" src=\"https:\/\/adonf.net\/legite\/wp-content\/uploads\/sites\/4\/2021\/09\/03_Degustation-au-bar-199x300.jpg\"  class='mesmerize-gallery-1-image' alt=\"\" srcset=\"https:\/\/adonf.net\/legite\/wp-content\/uploads\/sites\/4\/2021\/09\/03_Degustation-au-bar-199x300.jpg 199w, https:\/\/adonf.net\/legite\/wp-content\/uploads\/sites\/4\/2021\/09\/03_Degustation-au-bar.jpg 510w\" sizes=\"auto, (max-width: 199px) 100vw, 199px\" \/><\/a>\n\t\t\t<\/dt><\/dl><dl class='gallery-item'>\n\t\t\t<dt class='gallery-icon landscape'>\n\t\t\t\t<a data-fancybox=\"mesmerize-gallery-1-group\" href='https:\/\/adonf.net\/legite\/wp-content\/uploads\/sites\/4\/2021\/09\/01_Cuisine-et-salle-a-manger.jpg'><img loading=\"lazy\" decoding=\"async\"  width=\"300\" height=\"199\" src=\"https:\/\/adonf.net\/legite\/wp-content\/uploads\/sites\/4\/2021\/09\/01_Cuisine-et-salle-a-manger-300x199.jpg\"  class='mesmerize-gallery-1-image' alt=\"\" aria-describedby=\"gallery-1-360\" srcset=\"https:\/\/adonf.net\/legite\/wp-content\/uploads\/sites\/4\/2021\/09\/01_Cuisine-et-salle-a-manger-300x199.jpg 300w, https:\/\/adonf.net\/legite\/wp-content\/uploads\/sites\/4\/2021\/09\/01_Cuisine-et-salle-a-manger-768x510.jpg 768w, https:\/\/adonf.net\/legite\/wp-content\/uploads\/sites\/4\/2021\/09\/01_Cuisine-et-salle-a-manger.jpg 1024w\" sizes=\"auto, (max-width: 300px) 100vw, 300px\" \/><\/a>\n\t\t\t<\/dt>\n\t\t\t\t<dd class='wp-caption-text gallery-caption' id='gallery-1-360'>\n\t\t\t\tSalle \u00e0 manger conviviale\n\t\t\t\t<\/dd><\/dl><dl class='gallery-item'>\n\t\t\t<dt class='gallery-icon portrait'>\n\t\t\t\t<a data-fancybox=\"mesmerize-gallery-1-group\" href='https:\/\/adonf.net\/legite\/wp-content\/uploads\/sites\/4\/2021\/09\/09_Bureau-de-la-chambre-1.jpg'><img loading=\"lazy\" decoding=\"async\"  width=\"199\" height=\"300\" src=\"https:\/\/adonf.net\/legite\/wp-content\/uploads\/sites\/4\/2021\/09\/09_Bureau-de-la-chambre-1-199x300.jpg\"  class='mesmerize-gallery-1-image' alt=\"\" aria-describedby=\"gallery-1-367\" srcset=\"https:\/\/adonf.net\/legite\/wp-content\/uploads\/sites\/4\/2021\/09\/09_Bureau-de-la-chambre-1-199x300.jpg 199w, https:\/\/adonf.net\/legite\/wp-content\/uploads\/sites\/4\/2021\/09\/09_Bureau-de-la-chambre-1.jpg 510w\" sizes=\"auto, (max-width: 199px) 100vw, 199px\" \/><\/a>\n\t\t\t<\/dt>\n\t\t\t\t<dd class='wp-caption-text gallery-caption' id='gallery-1-367'>\n\t\t\t\tBureau\n\t\t\t\t<\/dd><\/dl><dl class='gallery-item'>\n\t\t\t<dt class='gallery-icon landscape'>\n\t\t\t\t<a data-fancybox=\"mesmerize-gallery-1-group\" href='https:\/\/adonf.net\/legite\/wp-content\/uploads\/sites\/4\/2021\/09\/04_La-cuisine-equipee.jpg'><img loading=\"lazy\" decoding=\"async\"  width=\"300\" height=\"199\" src=\"https:\/\/adonf.net\/legite\/wp-content\/uploads\/sites\/4\/2021\/09\/04_La-cuisine-equipee-300x199.jpg\"  class='mesmerize-gallery-1-image' alt=\"\" aria-describedby=\"gallery-1-363\" srcset=\"https:\/\/adonf.net\/legite\/wp-content\/uploads\/sites\/4\/2021\/09\/04_La-cuisine-equipee-300x199.jpg 300w, https:\/\/adonf.net\/legite\/wp-content\/uploads\/sites\/4\/2021\/09\/04_La-cuisine-equipee-768x510.jpg 768w, https:\/\/adonf.net\/legite\/wp-content\/uploads\/sites\/4\/2021\/09\/04_La-cuisine-equipee.jpg 1024w\" sizes=\"auto, (max-width: 300px) 100vw, 300px\" \/><\/a>\n\t\t\t<\/dt>\n\t\t\t\t<dd class='wp-caption-text gallery-caption' id='gallery-1-363'>\n\t\t\t\tCuisine\n\t\t\t\t<\/dd><\/dl><dl class='gallery-item'>\n\t\t\t<dt class='gallery-icon landscape'>\n\t\t\t\t<a data-fancybox=\"mesmerize-gallery-1-group\" href='https:\/\/adonf.net\/legite\/wp-content\/uploads\/sites\/4\/2018\/11\/cropped-cropped-gite_detail_1.jpg'><img loading=\"lazy\" decoding=\"async\"  width=\"300\" height=\"180\" src=\"https:\/\/adonf.net\/legite\/wp-content\/uploads\/sites\/4\/2018\/11\/cropped-cropped-gite_detail_1-300x180.jpg\"  class='mesmerize-gallery-1-image' alt=\"\" srcset=\"https:\/\/adonf.net\/legite\/wp-content\/uploads\/sites\/4\/2018\/11\/cropped-cropped-gite_detail_1-300x180.jpg 300w, https:\/\/adonf.net\/legite\/wp-content\/uploads\/sites\/4\/2018\/11\/cropped-cropped-gite_detail_1.jpg 542w\" sizes=\"auto, (max-width: 300px) 100vw, 300px\" \/><\/a>\n\t\t\t<\/dt><\/dl><dl class='gallery-item'>\n\t\t\t<dt class='gallery-icon landscape'>\n\t\t\t\t<a data-fancybox=\"mesmerize-gallery-1-group\" href='https:\/\/adonf.net\/legite\/wp-content\/uploads\/sites\/4\/2018\/11\/gite_interieur_1.jpg'><img loading=\"lazy\" decoding=\"async\"  width=\"300\" height=\"191\" src=\"https:\/\/adonf.net\/legite\/wp-content\/uploads\/sites\/4\/2018\/11\/gite_interieur_1-300x191.jpg\"  class='mesmerize-gallery-1-image' alt=\"\" aria-describedby=\"gallery-1-16\" srcset=\"https:\/\/adonf.net\/legite\/wp-content\/uploads\/sites\/4\/2018\/11\/gite_interieur_1-300x191.jpg 300w, https:\/\/adonf.net\/legite\/wp-content\/uploads\/sites\/4\/2018\/11\/gite_interieur_1.jpg 690w\" sizes=\"auto, (max-width: 300px) 100vw, 300px\" \/><\/a>\n\t\t\t<\/dt>\n\t\t\t\t<dd class='wp-caption-text gallery-caption' id='gallery-1-16'>\n\t\t\t\tPi\u00e8ce \u00e0 vivre\n\t\t\t\t<\/dd><\/dl><dl class='gallery-item'>\n\t\t\t<dt class='gallery-icon portrait'>\n\t\t\t\t<a data-fancybox=\"mesmerize-gallery-1-group\" href='https:\/\/adonf.net\/legite\/wp-content\/uploads\/sites\/4\/2021\/09\/11_Bureau-de-la-chambre-2.jpg'><img loading=\"lazy\" decoding=\"async\"  width=\"199\" height=\"300\" src=\"https:\/\/adonf.net\/legite\/wp-content\/uploads\/sites\/4\/2021\/09\/11_Bureau-de-la-chambre-2-199x300.jpg\"  class='mesmerize-gallery-1-image' alt=\"\" aria-describedby=\"gallery-1-369\" srcset=\"https:\/\/adonf.net\/legite\/wp-content\/uploads\/sites\/4\/2021\/09\/11_Bureau-de-la-chambre-2-199x300.jpg 199w, https:\/\/adonf.net\/legite\/wp-content\/uploads\/sites\/4\/2021\/09\/11_Bureau-de-la-chambre-2.jpg 510w\" sizes=\"auto, (max-width: 199px) 100vw, 199px\" \/><\/a>\n\t\t\t<\/dt>\n\t\t\t\t<dd class='wp-caption-text gallery-caption' id='gallery-1-369'>\n\t\t\t\tBureau\n\t\t\t\t<\/dd><\/dl>\n\t\t\t\n\t\t<\/div>\n<script>(function($){window.MaterialisCaptionsGallery && window.MaterialisCaptionsGallery($('[data-unique-id=\"mesmerize-gallery-1-69e02b03f2713\"]'))})(jQuery)<\/script><\/div><\/div><\/div> <\/div><\/div>","protected":false},"excerpt":{"rendered":"<p>Galerie de photos D\u00e9couvrez l&rsquo;int\u00e9rieur de notre g\u00eete La Cabane du Bonheur.<\/p>\n","protected":false},"author":1,"featured_media":0,"parent":0,"menu_order":0,"comment_status":"closed","ping_status":"closed","template":"pro\/page-templates\/full-width-page.php","meta":{"footnotes":""},"class_list":["post-247","page","type-page","status-publish","hentry"],"yoast_head":"<!-- This site is optimized with the Yoast SEO plugin v26.3 - https:\/\/yoast.com\/wordpress\/plugins\/seo\/ -->\n<title>Photos de l&#039;int\u00e9rieur - G\u00eete La Cabane du Bonheur<\/title>\n<meta name=\"robots\" content=\"index, follow, max-snippet:-1, max-image-preview:large, max-video-preview:-1\" \/>\n<link rel=\"canonical\" href=\"https:\/\/adonf.net\/legite\/photos-interieur\/\" \/>\n<meta property=\"og:locale\" content=\"fr_FR\" \/>\n<meta property=\"og:type\" content=\"article\" \/>\n<meta property=\"og:title\" content=\"Photos de l&#039;int\u00e9rieur - G\u00eete La Cabane du Bonheur\" \/>\n<meta property=\"og:description\" content=\"Galerie de photos D\u00e9couvrez l&rsquo;int\u00e9rieur de notre g\u00eete La Cabane du Bonheur.\" \/>\n<meta property=\"og:url\" content=\"https:\/\/adonf.net\/legite\/photos-interieur\/\" \/>\n<meta property=\"og:site_name\" content=\"G\u00eete La Cabane du Bonheur\" \/>\n<meta property=\"article:modified_time\" content=\"2022-02-21T13:33:09+00:00\" \/>\n<meta name=\"twitter:card\" content=\"summary_large_image\" \/>\n<script type=\"application\/ld+json\" class=\"yoast-schema-graph\">{\"@context\":\"https:\/\/schema.org\",\"@graph\":[{\"@type\":\"WebPage\",\"@id\":\"https:\/\/adonf.net\/legite\/photos-interieur\/\",\"url\":\"https:\/\/adonf.net\/legite\/photos-interieur\/\",\"name\":\"Photos de l'int\u00e9rieur - G\u00eete La Cabane du Bonheur\",\"isPartOf\":{\"@id\":\"https:\/\/adonf.net\/legite\/#website\"},\"datePublished\":\"2021-06-25T10:54:52+00:00\",\"dateModified\":\"2022-02-21T13:33:09+00:00\",\"breadcrumb\":{\"@id\":\"https:\/\/adonf.net\/legite\/photos-interieur\/#breadcrumb\"},\"inLanguage\":\"fr-FR\",\"potentialAction\":[{\"@type\":\"ReadAction\",\"target\":[\"https:\/\/adonf.net\/legite\/photos-interieur\/\"]}]},{\"@type\":\"BreadcrumbList\",\"@id\":\"https:\/\/adonf.net\/legite\/photos-interieur\/#breadcrumb\",\"itemListElement\":[{\"@type\":\"ListItem\",\"position\":1,\"name\":\"Accueil\",\"item\":\"https:\/\/adonf.net\/legite\/\"},{\"@type\":\"ListItem\",\"position\":2,\"name\":\"Photos int\u00e9rieur\"}]},{\"@type\":\"WebSite\",\"@id\":\"https:\/\/adonf.net\/legite\/#website\",\"url\":\"https:\/\/adonf.net\/legite\/\",\"name\":\"G\u00eete La Cabane du Bonheur\",\"description\":\"\",\"potentialAction\":[{\"@type\":\"SearchAction\",\"target\":{\"@type\":\"EntryPoint\",\"urlTemplate\":\"https:\/\/adonf.net\/legite\/?s={search_term_string}\"},\"query-input\":{\"@type\":\"PropertyValueSpecification\",\"valueRequired\":true,\"valueName\":\"search_term_string\"}}],\"inLanguage\":\"fr-FR\"}]}<\/script>\n<!-- \/ Yoast SEO plugin. -->","yoast_head_json":{"title":"Photos de l'int\u00e9rieur - G\u00eete La Cabane du Bonheur","robots":{"index":"index","follow":"follow","max-snippet":"max-snippet:-1","max-image-preview":"max-image-preview:large","max-video-preview":"max-video-preview:-1"},"canonical":"https:\/\/adonf.net\/legite\/photos-interieur\/","og_locale":"fr_FR","og_type":"article","og_title":"Photos de l'int\u00e9rieur - G\u00eete La Cabane du Bonheur","og_description":"Galerie de photos D\u00e9couvrez l&rsquo;int\u00e9rieur de notre g\u00eete La Cabane du Bonheur.","og_url":"https:\/\/adonf.net\/legite\/photos-interieur\/","og_site_name":"G\u00eete La Cabane du Bonheur","article_modified_time":"2022-02-21T13:33:09+00:00","twitter_card":"summary_large_image","schema":{"@context":"https:\/\/schema.org","@graph":[{"@type":"WebPage","@id":"https:\/\/adonf.net\/legite\/photos-interieur\/","url":"https:\/\/adonf.net\/legite\/photos-interieur\/","name":"Photos de l'int\u00e9rieur - G\u00eete La Cabane du Bonheur","isPartOf":{"@id":"https:\/\/adonf.net\/legite\/#website"},"datePublished":"2021-06-25T10:54:52+00:00","dateModified":"2022-02-21T13:33:09+00:00","breadcrumb":{"@id":"https:\/\/adonf.net\/legite\/photos-interieur\/#breadcrumb"},"inLanguage":"fr-FR","potentialAction":[{"@type":"ReadAction","target":["https:\/\/adonf.net\/legite\/photos-interieur\/"]}]},{"@type":"BreadcrumbList","@id":"https:\/\/adonf.net\/legite\/photos-interieur\/#breadcrumb","itemListElement":[{"@type":"ListItem","position":1,"name":"Accueil","item":"https:\/\/adonf.net\/legite\/"},{"@type":"ListItem","position":2,"name":"Photos int\u00e9rieur"}]},{"@type":"WebSite","@id":"https:\/\/adonf.net\/legite\/#website","url":"https:\/\/adonf.net\/legite\/","name":"G\u00eete La Cabane du Bonheur","description":"","potentialAction":[{"@type":"SearchAction","target":{"@type":"EntryPoint","urlTemplate":"https:\/\/adonf.net\/legite\/?s={search_term_string}"},"query-input":{"@type":"PropertyValueSpecification","valueRequired":true,"valueName":"search_term_string"}}],"inLanguage":"fr-FR"}]}},"_links":{"self":[{"href":"https:\/\/adonf.net\/legite\/wp-json\/wp\/v2\/pages\/247","targetHints":{"allow":["GET"]}}],"collection":[{"href":"https:\/\/adonf.net\/legite\/wp-json\/wp\/v2\/pages"}],"about":[{"href":"https:\/\/adonf.net\/legite\/wp-json\/wp\/v2\/types\/page"}],"author":[{"embeddable":true,"href":"https:\/\/adonf.net\/legite\/wp-json\/wp\/v2\/users\/1"}],"replies":[{"embeddable":true,"href":"https:\/\/adonf.net\/legite\/wp-json\/wp\/v2\/comments?post=247"}],"version-history":[{"count":3,"href":"https:\/\/adonf.net\/legite\/wp-json\/wp\/v2\/pages\/247\/revisions"}],"predecessor-version":[{"id":428,"href":"https:\/\/adonf.net\/legite\/wp-json\/wp\/v2\/pages\/247\/revisions\/428"}],"wp:attachment":[{"href":"https:\/\/adonf.net\/legite\/wp-json\/wp\/v2\/media?parent=247"}],"curies":[{"name":"wp","href":"https:\/\/api.w.org\/{rel}","templated":true}]}}